{"id":687,"date":"2022-06-08T17:41:48","date_gmt":"2022-06-08T15:41:48","guid":{"rendered":"https:\/\/chateau-saint-georges.com\/shop\/?post_type=product&#038;p=687"},"modified":"2025-08-01T13:42:56","modified_gmt":"2025-08-01T11:42:56","slug":"chateau-saint-georges-millesime-2020","status":"publish","type":"product","link":"https:\/\/chateau-saint-georges.com\/shop\/product\/chateau-saint-georges-millesime-2020\/","title":{"rendered":"Ch\u00e2teau Saint-Georges Mill\u00e9sime 2020"},"content":{"rendered":"\r\n<div class=\"is-layout-flex wp-container-4 wp-block-columns groupe_homepage\">\r\n<div class=\"is-layout-flow wp-block-column\">\r\n<figure class=\"wp-block-image size-large\"><img decoding=\"async\" loading=\"lazy\" width=\"683\" height=\"1024\" class=\"wp-image-751\" src=\"https:\/\/chateau-saint-georges.com\/shop\/wp-content\/uploads\/2022\/06\/saman-taheri-ZdhWsUoQzCk-unsplash-683x1024.jpg\" alt=\"\" srcset=\"https:\/\/chateau-saint-georges.com\/shop\/wp-content\/uploads\/2022\/06\/saman-taheri-ZdhWsUoQzCk-unsplash-683x1024.jpg 683w, https:\/\/chateau-saint-georges.com\/shop\/wp-content\/uploads\/2022\/06\/saman-taheri-ZdhWsUoQzCk-unsplash-200x300.jpg 200w, https:\/\/chateau-saint-georges.com\/shop\/wp-content\/uploads\/2022\/06\/saman-taheri-ZdhWsUoQzCk-unsplash-768x1151.jpg 768w, https:\/\/chateau-saint-georges.com\/shop\/wp-content\/uploads\/2022\/06\/saman-taheri-ZdhWsUoQzCk-unsplash-1025x1536.jpg 1025w, https:\/\/chateau-saint-georges.com\/shop\/wp-content\/uploads\/2022\/06\/saman-taheri-ZdhWsUoQzCk-unsplash-1367x2048.jpg 1367w, https:\/\/chateau-saint-georges.com\/shop\/wp-content\/uploads\/2022\/06\/saman-taheri-ZdhWsUoQzCk-unsplash-8x12.jpg 8w, https:\/\/chateau-saint-georges.com\/shop\/wp-content\/uploads\/2022\/06\/saman-taheri-ZdhWsUoQzCk-unsplash-scaled.jpg 1709w\" sizes=\"(max-width: 683px) 100vw, 683px\" \/><\/figure>\r\n<\/div>\r\n\r\n\r\n\r\n<div class=\"is-layout-flow wp-block-column\">\r\n<div class=\"wp-block-spacer\" style=\"height: 41px\" aria-hidden=\"true\">\u00a0<\/div>\r\n\r\n\r\n\r\n<h3 style=\"font-style: normal;font-weight: 100\">Un nez puissant et riche !<\/h3>\r\n\r\n\r\n\r\n<h2>Commentaire de d\u00e9gustation<\/h2>\r\n\r\n\r\n\r\n<div class=\"wp-block-spacer\" style=\"height: 41px\" aria-hidden=\"true\">\u00a0<\/div>\r\n\r\n\r\n<hr class=\"wp-block-separator has-text-color has-vivid-red-color has-alpha-channel-opacity has-vivid-red-background-color has-background small_separator is-style-wide\" \/>\r\n\r\n\r\n<div class=\"wp-block-spacer\" style=\"height: 47px\" aria-hidden=\"true\">\u00a0<\/div>\r\n\r\n\r\n\r\n<p>2020 cl\u00f4ture avec brio une trilogie magistrale, apr\u00e8s deux mill\u00e9simes 2018 et 2019 remarquables. Son grain soyeux, son \u00e9nergie et son \u00e9quilibre en font un vin prometteur pour une longue garde. Superbe, la robe du Ch\u00e2teau Saint-Georges est d&rsquo;un rouge sombre \u00e9clatant soulign\u00e9 par un liser\u00e9 grenat.<\/p>\r\n\r\n\r\n\r\n<p>Le nez est puissant, riche, complexe, d\u00e9veloppant \u00e0 l&rsquo;agitation une remarquable palette aromatique de fruits noirs, d&rsquo;\u00e9pices douces, de chocolat noir et de cr\u00e8me lact\u00e9e. Le palais est suave, vineux, dense aux tanins gras, murs et enrob\u00e9s.<\/p>\r\n\r\n\r\n\r\n<p>On d\u00e9note une belle persistance en bouche avec des notes grill\u00e9es telles que du caf\u00e9 torr\u00e9fi\u00e9 mais aussi \u00e9pic\u00e9 comme du poivre gris. Sa finale est longue et \u00e9clatante de fra\u00eecheur. Un tr\u00e8s grand vin pour un tr\u00e8s grand mill\u00e9sime.<\/p>\r\n\r\n\r\n\r\n<div class=\"wp-block-spacer\" style=\"height: 21px\" aria-hidden=\"true\">\u00a0<\/div>\r\n\r\n\r\n\r\n<div class=\"is-layout-flex wp-block-buttons\">\r\n<div class=\"wp-block-button aligncenter has-custom-width wp-block-button__width-25 has-custom-font-size is-style-fill has-small-font-size\"><a class=\"wp-block-button__link has-white-color has-black-background-color has-text-color has-background wp-element-button\" style=\"border-radius: 0px\" href=\"https:\/\/chateau-saint-georges.com\/shop\/wp-content\/uploads\/2022\/06\/ficheCave2020.png\">T\u00e9l\u00e9charger la fiche de cave \u2193<\/a><\/div>\r\n<\/div>\r\n<\/div>\r\n<\/div>\r\n\r\n\r\n\r\n<div class=\"is-layout-flex wp-container-7 wp-block-columns groupe_homepage\">\r\n<div class=\"is-layout-flow wp-block-column\">\r\n<div class=\"wp-block-spacer\" style=\"height: 41px\" aria-hidden=\"true\">\u00a0<\/div>\r\n\r\n\r\n\r\n<h3 style=\"font-style: normal;font-weight: 100\">Accord mets &amp; vins<\/h3>\r\n\r\n\r\n\r\n<h2>Nos suggestions<\/h2>\r\n\r\n\r\n\r\n<div class=\"wp-block-spacer\" style=\"height: 41px\" aria-hidden=\"true\">\u00a0<\/div>\r\n\r\n\r\n<hr class=\"wp-block-separator has-text-color has-vivid-red-color has-alpha-channel-opacity has-vivid-red-background-color has-background small_separator is-style-wide\" \/>\r\n\r\n\r\n<div class=\"wp-block-spacer\" style=\"height: 41px\" aria-hidden=\"true\">\u00a0<\/div>\r\n\r\n\r\n\r\n<p>Magret de canard, brie de Meaux, c\u00f4te d&rsquo;agneau aux sarments, viandes en sauce.<\/p>\r\n\r\n\r\n\r\n<p>&nbsp;<\/p>\r\n<\/div>\r\n\r\n\r\n\r\n<div class=\"is-layout-flow wp-block-column\">\r\n<figure class=\"wp-block-image size-large\"><img decoding=\"async\" loading=\"lazy\" width=\"1024\" height=\"683\" class=\"wp-image-571\" src=\"https:\/\/chateau-saint-georges.com\/shop\/wp-content\/uploads\/2022\/05\/vincent-van-zalinge-MM2bY4W7G2Y-unsplash-1024x683.jpg\" alt=\"\" srcset=\"https:\/\/chateau-saint-georges.com\/shop\/wp-content\/uploads\/2022\/05\/vincent-van-zalinge-MM2bY4W7G2Y-unsplash-1024x683.jpg 1024w, https:\/\/chateau-saint-georges.com\/shop\/wp-content\/uploads\/2022\/05\/vincent-van-zalinge-MM2bY4W7G2Y-unsplash-300x200.jpg 300w, https:\/\/chateau-saint-georges.com\/shop\/wp-content\/uploads\/2022\/05\/vincent-van-zalinge-MM2bY4W7G2Y-unsplash-768x512.jpg 768w, https:\/\/chateau-saint-georges.com\/shop\/wp-content\/uploads\/2022\/05\/vincent-van-zalinge-MM2bY4W7G2Y-unsplash-1536x1024.jpg 1536w, https:\/\/chateau-saint-georges.com\/shop\/wp-content\/uploads\/2022\/05\/vincent-van-zalinge-MM2bY4W7G2Y-unsplash-2048x1365.jpg 2048w\" sizes=\"(max-width: 1024px) 100vw, 1024px\" \/><\/figure>\r\n<\/div>\r\n<\/div>\r\n","protected":false},"excerpt":{"rendered":"<p>Un mill\u00e9sime magistral, c&rsquo;est un vin riche d\u00fb \u00e0 un \u00e9t\u00e9 bien ensoleill\u00e9 avec des chauffes de barriques de type moyennes longues. Son \u00e9quilibre id\u00e9al entre sucre et acidit\u00e9 lui permet d&rsquo;\u00eatre d\u00e9gust\u00e9 avec volupt\u00e9 dans sa jeunesse et offre la garantie d&rsquo;un tr\u00e8s long avenir en cave.<\/p>\n","protected":false},"featured_media":480,"comment_status":"open","ping_status":"closed","template":"","meta":{"_expiration-date-status":"","_expiration-date":0,"_expiration-date-type":"","_expiration-date-categories":[],"_expiration-date-options":[]},"product_cat":[31,150],"product_tag":[42,44,40,34],"_links":{"self":[{"href":"https:\/\/chateau-saint-georges.com\/shop\/wp-json\/wp\/v2\/product\/687"}],"collection":[{"href":"https:\/\/chateau-saint-georges.com\/shop\/wp-json\/wp\/v2\/product"}],"about":[{"href":"https:\/\/chateau-saint-georges.com\/shop\/wp-json\/wp\/v2\/types\/product"}],"replies":[{"embeddable":true,"href":"https:\/\/chateau-saint-georges.com\/shop\/wp-json\/wp\/v2\/comments?post=687"}],"wp:featuredmedia":[{"embeddable":true,"href":"https:\/\/chateau-saint-georges.com\/shop\/wp-json\/wp\/v2\/media\/480"}],"wp:attachment":[{"href":"https:\/\/chateau-saint-georges.com\/shop\/wp-json\/wp\/v2\/media?parent=687"}],"wp:term":[{"taxonomy":"product_cat","embeddable":true,"href":"https:\/\/chateau-saint-georges.com\/shop\/wp-json\/wp\/v2\/product_cat?post=687"},{"taxonomy":"product_tag","embeddable":true,"href":"https:\/\/chateau-saint-georges.com\/shop\/wp-json\/wp\/v2\/product_tag?post=687"}],"curies":[{"name":"wp","href":"https:\/\/api.w.org\/{rel}","templated":true}]}}