{"id":680,"date":"2022-06-08T17:41:48","date_gmt":"2022-06-08T15:41:48","guid":{"rendered":"https:\/\/chateau-saint-georges.com\/shop\/?post_type=product&#038;p=680"},"modified":"2025-09-26T16:14:51","modified_gmt":"2025-09-26T14:14:51","slug":"chateau-saint-georges-millesime-2019","status":"publish","type":"product","link":"https:\/\/chateau-saint-georges.com\/shop\/product\/chateau-saint-georges-millesime-2019\/","title":{"rendered":"Ch\u00e2teau Saint-Georges Mill\u00e9sime 2019"},"content":{"rendered":"\r\n<div class=\"is-layout-flex wp-container-3 wp-block-columns groupe_homepage\">\r\n<div class=\"is-layout-flow wp-block-column\">\r\n<figure class=\"wp-block-image size-large\"><img decoding=\"async\" loading=\"lazy\" width=\"683\" height=\"1024\" class=\"wp-image-22\" src=\"https:\/\/chateau-saint-georges.com\/shop\/wp-content\/uploads\/2022\/05\/192839861_1412114882485674_8236151731560476642_n-683x1024.jpg\" alt=\"\" srcset=\"https:\/\/chateau-saint-georges.com\/shop\/wp-content\/uploads\/2022\/05\/192839861_1412114882485674_8236151731560476642_n-683x1024.jpg 683w, https:\/\/chateau-saint-georges.com\/shop\/wp-content\/uploads\/2022\/05\/192839861_1412114882485674_8236151731560476642_n-324x486.jpg 324w, https:\/\/chateau-saint-georges.com\/shop\/wp-content\/uploads\/2022\/05\/192839861_1412114882485674_8236151731560476642_n-416x624.jpg 416w, https:\/\/chateau-saint-georges.com\/shop\/wp-content\/uploads\/2022\/05\/192839861_1412114882485674_8236151731560476642_n-200x300.jpg 200w, https:\/\/chateau-saint-georges.com\/shop\/wp-content\/uploads\/2022\/05\/192839861_1412114882485674_8236151731560476642_n-768x1152.jpg 768w, https:\/\/chateau-saint-georges.com\/shop\/wp-content\/uploads\/2022\/05\/192839861_1412114882485674_8236151731560476642_n-1024x1536.jpg 1024w, https:\/\/chateau-saint-georges.com\/shop\/wp-content\/uploads\/2022\/05\/192839861_1412114882485674_8236151731560476642_n.jpg 1365w\" sizes=\"(max-width: 683px) 100vw, 683px\" \/><\/figure>\r\n<\/div>\r\n\r\n\r\n\r\n<div class=\"is-layout-flow wp-block-column\">\r\n<div class=\"wp-block-spacer\" style=\"height: 41px\" aria-hidden=\"true\">\u00a0<\/div>\r\n\r\n\r\n\r\n<h3 style=\"font-style: normal;font-weight: 100\">B\u00e9ni par dame nature !<\/h3>\r\n\r\n\r\n\r\n<h2>Commentaire de d\u00e9gustation<\/h2>\r\n\r\n\r\n\r\n<div class=\"wp-block-spacer\" style=\"height: 41px\" aria-hidden=\"true\">\u00a0<\/div>\r\n\r\n\r\n<hr class=\"wp-block-separator has-text-color has-vivid-red-color has-alpha-channel-opacity has-vivid-red-background-color has-background small_separator is-style-wide\" \/>\r\n\r\n\r\n<div class=\"wp-block-spacer\" style=\"height: 47px\" aria-hidden=\"true\">\u00a0<\/div>\r\n\r\n\r\n\r\n<p>Le mythe des mill\u00e9simes se terminant par 9 contribue \u00e0 g\u00e9n\u00e9raliser l\u2019id\u00e9e que 2019 serait une grande cuv\u00e9e.\u00a0L\u2019ensemble confirmera ce beau mill\u00e9sime. Un bel \u00e9quilibre, belle mati\u00e8re, dense et g\u00e9n\u00e9reuse.<\/p>\r\n\r\n\r\n\r\n<p>Un r\u00e9gal\u00a0! La robe de Ch\u00e2teau Saint-Georges est d\u2019un rouge grenat profond soulign\u00e9 par un tr\u00e8s \u00e9l\u00e9gant liser\u00e9 sombre.\u00a0Le nez est puissant, riche, complexe, d\u00e9veloppant \u00e0 l\u2019agitation une remarquable palette aromatique de fruits noirs, m\u00eal\u00e9s \u00e0 des notes d\u2019\u00e9pices douces, de vanille r\u00e9gliss\u00e9e et de caramel.<\/p>\r\n\r\n\r\n\r\n<p>Sa bouche bien concentr\u00e9e, tout \u00e0 la fois dense, structur\u00e9e et velout\u00e9e, est puissante avec de beaux tanins gras et charnus. Sa finale est longue et \u00e9clatante de fra\u00eecheur. Un superbe vin de terroir \u00e0 fort potentiel de garde<\/p>\r\n\r\n\r\n\r\n<div class=\"wp-block-spacer\" style=\"height: 21px\" aria-hidden=\"true\">\u00a0<\/div>\r\n<\/div>\r\n<\/div>\r\n\r\n\r\n\r\n<div class=\"is-layout-flex wp-container-6 wp-block-columns groupe_homepage\">\r\n<div class=\"is-layout-flow wp-block-column\">\r\n<div class=\"wp-block-spacer\" style=\"height: 41px\" aria-hidden=\"true\">\u00a0<\/div>\r\n\r\n\r\n\r\n<h3 style=\"font-style: normal;font-weight: 100\">Accord mets &amp; vins<\/h3>\r\n\r\n\r\n\r\n<h2>Nos suggestions<\/h2>\r\n\r\n\r\n\r\n<div class=\"wp-block-spacer\" style=\"height: 41px\" aria-hidden=\"true\">\u00a0<\/div>\r\n\r\n\r\n<hr class=\"wp-block-separator has-text-color has-vivid-red-color has-alpha-channel-opacity has-vivid-red-background-color has-background small_separator is-style-wide\" \/>\r\n\r\n\r\n<div class=\"wp-block-spacer\" style=\"height: 41px\" aria-hidden=\"true\">\u00a0<\/div>\r\n\r\n\r\n\r\n<p>Gibier, brie de Meaux, c\u00f4te de b\u0153uf, r\u00f4ti Orloff, viandes en sauce<\/p>\r\n<\/div>\r\n\r\n\r\n\r\n<div class=\"is-layout-flow wp-block-column\">\r\n<figure class=\"wp-block-image size-large\"><img decoding=\"async\" loading=\"lazy\" width=\"1024\" height=\"666\" class=\"wp-image-737\" src=\"https:\/\/chateau-saint-georges.com\/shop\/wp-content\/uploads\/2022\/06\/iman-zaker-Et1rVF1YJe8-unsplash-scaled-e1654784496720-1024x666.jpg\" alt=\"\" srcset=\"https:\/\/chateau-saint-georges.com\/shop\/wp-content\/uploads\/2022\/06\/iman-zaker-Et1rVF1YJe8-unsplash-scaled-e1654784496720-1024x666.jpg 1024w, https:\/\/chateau-saint-georges.com\/shop\/wp-content\/uploads\/2022\/06\/iman-zaker-Et1rVF1YJe8-unsplash-scaled-e1654784496720-300x195.jpg 300w, https:\/\/chateau-saint-georges.com\/shop\/wp-content\/uploads\/2022\/06\/iman-zaker-Et1rVF1YJe8-unsplash-scaled-e1654784496720-768x499.jpg 768w, https:\/\/chateau-saint-georges.com\/shop\/wp-content\/uploads\/2022\/06\/iman-zaker-Et1rVF1YJe8-unsplash-scaled-e1654784496720-1536x998.jpg 1536w, https:\/\/chateau-saint-georges.com\/shop\/wp-content\/uploads\/2022\/06\/iman-zaker-Et1rVF1YJe8-unsplash-scaled-e1654784496720-18x12.jpg 18w, https:\/\/chateau-saint-georges.com\/shop\/wp-content\/uploads\/2022\/06\/iman-zaker-Et1rVF1YJe8-unsplash-scaled-e1654784496720.jpg 2048w\" sizes=\"(max-width: 1024px) 100vw, 1024px\" \/><\/figure>\r\n<\/div>\r\n<\/div>\r\n","protected":false},"excerpt":{"rendered":"<p>Voil\u00e0 un mill\u00e9sime solaire, rayonnant par son intensit\u00e9 aromatique et sa fra\u00eecheur. Ses 12 mois pass\u00e9s dans le bois noble ont encore affirm\u00e9 ses beaux caract\u00e8res, fruits d\u2019une m\u00e9t\u00e9o tr\u00e8s cl\u00e9mente qui a favoris\u00e9 la concentration de nos Merlots. Son \u00e9quilibre id\u00e9al entre sucre et acidit\u00e9 lui permet d\u2019\u00eatre d\u00e9gust\u00e9 avec volupt\u00e9 dans sa jeunesse et offre la garantie d\u2019un tr\u00e8s long avenir en cave.<\/p>\n","protected":false},"featured_media":479,"comment_status":"open","ping_status":"closed","template":"","meta":{"_expiration-date-status":"","_expiration-date":0,"_expiration-date-type":"","_expiration-date-categories":[],"_expiration-date-options":[]},"product_cat":[31,148],"product_tag":[42,133,132,34],"_links":{"self":[{"href":"https:\/\/chateau-saint-georges.com\/shop\/wp-json\/wp\/v2\/product\/680"}],"collection":[{"href":"https:\/\/chateau-saint-georges.com\/shop\/wp-json\/wp\/v2\/product"}],"about":[{"href":"https:\/\/chateau-saint-georges.com\/shop\/wp-json\/wp\/v2\/types\/product"}],"replies":[{"embeddable":true,"href":"https:\/\/chateau-saint-georges.com\/shop\/wp-json\/wp\/v2\/comments?post=680"}],"wp:featuredmedia":[{"embeddable":true,"href":"https:\/\/chateau-saint-georges.com\/shop\/wp-json\/wp\/v2\/media\/479"}],"wp:attachment":[{"href":"https:\/\/chateau-saint-georges.com\/shop\/wp-json\/wp\/v2\/media?parent=680"}],"wp:term":[{"taxonomy":"product_cat","embeddable":true,"href":"https:\/\/chateau-saint-georges.com\/shop\/wp-json\/wp\/v2\/product_cat?post=680"},{"taxonomy":"product_tag","embeddable":true,"href":"https:\/\/chateau-saint-georges.com\/shop\/wp-json\/wp\/v2\/product_tag?post=680"}],"curies":[{"name":"wp","href":"https:\/\/api.w.org\/{rel}","templated":true}]}}