{"id":662,"date":"2022-06-08T17:41:46","date_gmt":"2022-06-08T15:41:46","guid":{"rendered":"https:\/\/chateau-saint-georges.com\/shop\/?post_type=product&#038;p=662"},"modified":"2025-01-14T16:57:27","modified_gmt":"2025-01-14T15:57:27","slug":"chateau-saint-georges-millesime-2014","status":"publish","type":"product","link":"https:\/\/chateau-saint-georges.com\/shop\/product\/chateau-saint-georges-millesime-2014\/","title":{"rendered":"Ch\u00e2teau Saint-Georges Mill\u00e9sime 2014"},"content":{"rendered":"\r\n<div class=\"is-layout-flex wp-container-4 wp-block-columns groupe_homepage\">\r\n<div class=\"is-layout-flow wp-block-column\">\r\n<figure class=\"wp-block-image size-large\"><img decoding=\"async\" loading=\"lazy\" width=\"683\" height=\"1024\" class=\"wp-image-22\" src=\"https:\/\/chateau-saint-georges.com\/shop\/wp-content\/uploads\/2022\/05\/192839861_1412114882485674_8236151731560476642_n-683x1024.jpg\" alt=\"\" srcset=\"https:\/\/chateau-saint-georges.com\/shop\/wp-content\/uploads\/2022\/05\/192839861_1412114882485674_8236151731560476642_n-683x1024.jpg 683w, https:\/\/chateau-saint-georges.com\/shop\/wp-content\/uploads\/2022\/05\/192839861_1412114882485674_8236151731560476642_n-324x486.jpg 324w, https:\/\/chateau-saint-georges.com\/shop\/wp-content\/uploads\/2022\/05\/192839861_1412114882485674_8236151731560476642_n-416x624.jpg 416w, https:\/\/chateau-saint-georges.com\/shop\/wp-content\/uploads\/2022\/05\/192839861_1412114882485674_8236151731560476642_n-200x300.jpg 200w, https:\/\/chateau-saint-georges.com\/shop\/wp-content\/uploads\/2022\/05\/192839861_1412114882485674_8236151731560476642_n-768x1152.jpg 768w, https:\/\/chateau-saint-georges.com\/shop\/wp-content\/uploads\/2022\/05\/192839861_1412114882485674_8236151731560476642_n-1024x1536.jpg 1024w, https:\/\/chateau-saint-georges.com\/shop\/wp-content\/uploads\/2022\/05\/192839861_1412114882485674_8236151731560476642_n.jpg 1365w\" sizes=\"(max-width: 683px) 100vw, 683px\" \/><\/figure>\r\n<\/div>\r\n\r\n\r\n\r\n<div class=\"is-layout-flow wp-block-column\">\r\n<div class=\"wp-block-spacer\" style=\"height: 41px\" aria-hidden=\"true\">\u00a0<\/div>\r\n\r\n\r\n\r\n<h3 style=\"font-style: normal;font-weight: 100\">Un vin rond et \u00e9quilibr\u00e9 !<\/h3>\r\n\r\n\r\n\r\n<h2>Commentaire de d\u00e9gustation<\/h2>\r\n\r\n\r\n\r\n<div class=\"wp-block-spacer\" style=\"height: 41px\" aria-hidden=\"true\">\u00a0<\/div>\r\n\r\n\r\n<hr class=\"wp-block-separator has-text-color has-vivid-red-color has-alpha-channel-opacity has-vivid-red-background-color has-background small_separator is-style-wide\" \/>\r\n\r\n\r\n<div class=\"wp-block-spacer\" style=\"height: 47px\" aria-hidden=\"true\">\u00a0<\/div>\r\n\r\n\r\n\r\n<p>Une robe rouge grenat soutenue avec un l\u00e9ger\u00a0liser\u00e9 ambr\u00e9. Le nez, suave, magnifiquement fruit\u00e9 aux notes de cerises griottes\u00a0et des fruits exotiques abricot\u00e9s.<\/p>\r\n\r\n\r\n\r\n<p>La barrique neuve apporte une\u00a0fragrance de caramel fum\u00e9 \u00e0 l\u2019ensemble olfactif. Le palais r\u00e9v\u00e8le un vin rond et \u00e9quilibr\u00e9.<\/p>\r\n\r\n\r\n\r\n<p>L\u2019attaque est douce, on\u00a0retrouve une belle amplitude en milieu de bouche ainsi que des tannins\u00a0lisses et enrob\u00e9s, signes d\u2019un \u00e9levage en barriques remarquablement\u00a0soign\u00e9.<\/p>\r\n\r\n\r\n\r\n<div class=\"wp-block-spacer\" style=\"height: 64px\" aria-hidden=\"true\">\u00a0<\/div>\r\n\r\n\r\n\r\n<div class=\"is-layout-flex wp-block-buttons\">\r\n<div class=\"wp-block-button aligncenter has-custom-width wp-block-button__width-25 has-custom-font-size is-style-fill has-small-font-size\"><a class=\"wp-block-button__link has-white-color has-black-background-color has-text-color has-background wp-element-button\" style=\"border-radius: 0px\" href=\"https:\/\/chateau-saint-georges.com\/shop\/wp-content\/uploads\/2022\/05\/csg_2014_600pxlarge.png\">T\u00e9l\u00e9charger la fiche de cave \u2193<\/a><\/div>\r\n<\/div>\r\n<\/div>\r\n<\/div>\r\n\r\n\r\n\r\n<div class=\"is-layout-flex wp-container-7 wp-block-columns groupe_homepage\">\r\n<div class=\"is-layout-flow wp-block-column\">\r\n<div class=\"wp-block-spacer\" style=\"height: 41px\" aria-hidden=\"true\">\u00a0<\/div>\r\n\r\n\r\n\r\n<h3 style=\"font-style: normal;font-weight: 100\">Accord mets &amp; vins<\/h3>\r\n\r\n\r\n\r\n<h2>Nos suggestions<\/h2>\r\n\r\n\r\n\r\n<div class=\"wp-block-spacer\" style=\"height: 41px\" aria-hidden=\"true\">\u00a0<\/div>\r\n\r\n\r\n<hr class=\"wp-block-separator has-text-color has-vivid-red-color has-alpha-channel-opacity has-vivid-red-background-color has-background small_separator is-style-wide\" \/>\r\n\r\n\r\n<div class=\"wp-block-spacer\" style=\"height: 41px\" aria-hidden=\"true\">\u00a0<\/div>\r\n\r\n\r\n\r\n<p>C\u00f4tes de veau aux morilles, gigot d&rsquo;agneau aux pommes de terre sarladaises, fromages \u00e0 p\u00e2te riche, comt\u00e9, cantal, salers.<\/p>\r\n<\/div>\r\n\r\n\r\n\r\n<div class=\"is-layout-flow wp-block-column\">\r\n<figure class=\"wp-block-image size-large\"><img decoding=\"async\" loading=\"lazy\" width=\"1024\" height=\"683\" class=\"wp-image-570\" src=\"https:\/\/chateau-saint-georges.com\/shop\/wp-content\/uploads\/2022\/05\/kyle-mackie-Xedxbjx7MFg-unsplash-1024x683.jpg\" alt=\"\" srcset=\"https:\/\/chateau-saint-georges.com\/shop\/wp-content\/uploads\/2022\/05\/kyle-mackie-Xedxbjx7MFg-unsplash-1024x683.jpg 1024w, https:\/\/chateau-saint-georges.com\/shop\/wp-content\/uploads\/2022\/05\/kyle-mackie-Xedxbjx7MFg-unsplash-300x200.jpg 300w, https:\/\/chateau-saint-georges.com\/shop\/wp-content\/uploads\/2022\/05\/kyle-mackie-Xedxbjx7MFg-unsplash-768x512.jpg 768w, https:\/\/chateau-saint-georges.com\/shop\/wp-content\/uploads\/2022\/05\/kyle-mackie-Xedxbjx7MFg-unsplash-1536x1024.jpg 1536w, https:\/\/chateau-saint-georges.com\/shop\/wp-content\/uploads\/2022\/05\/kyle-mackie-Xedxbjx7MFg-unsplash-2048x1365.jpg 2048w\" sizes=\"(max-width: 1024px) 100vw, 1024px\" \/><\/figure>\r\n<\/div>\r\n<\/div>\r\n","protected":false},"excerpt":{"rendered":"<p>L&rsquo;hiver et le doux printemps ont permis une floraison\u00a0homog\u00e8ne. Septembre nous a offert un ensoleillement optimal pour les\u00a0raisins avant d&rsquo;entamer une vendange le 8 octobre sous un temps tr\u00e8s\u00a0cl\u00e9ment. Un mill\u00e9sime 2014 d&rsquo;un magnifique potentiel aromatique.<\/p>\n","protected":false},"featured_media":478,"comment_status":"open","ping_status":"closed","template":"","meta":{"_expiration-date-status":"","_expiration-date":0,"_expiration-date-type":"","_expiration-date-categories":[],"_expiration-date-options":[]},"product_cat":[31,136],"product_tag":[44,40,39],"_links":{"self":[{"href":"https:\/\/chateau-saint-georges.com\/shop\/wp-json\/wp\/v2\/product\/662"}],"collection":[{"href":"https:\/\/chateau-saint-georges.com\/shop\/wp-json\/wp\/v2\/product"}],"about":[{"href":"https:\/\/chateau-saint-georges.com\/shop\/wp-json\/wp\/v2\/types\/product"}],"replies":[{"embeddable":true,"href":"https:\/\/chateau-saint-georges.com\/shop\/wp-json\/wp\/v2\/comments?post=662"}],"wp:featuredmedia":[{"embeddable":true,"href":"https:\/\/chateau-saint-georges.com\/shop\/wp-json\/wp\/v2\/media\/478"}],"wp:attachment":[{"href":"https:\/\/chateau-saint-georges.com\/shop\/wp-json\/wp\/v2\/media?parent=662"}],"wp:term":[{"taxonomy":"product_cat","embeddable":true,"href":"https:\/\/chateau-saint-georges.com\/shop\/wp-json\/wp\/v2\/product_cat?post=662"},{"taxonomy":"product_tag","embeddable":true,"href":"https:\/\/chateau-saint-georges.com\/shop\/wp-json\/wp\/v2\/product_tag?post=662"}],"curies":[{"name":"wp","href":"https:\/\/api.w.org\/{rel}","templated":true}]}}