{"id":657,"date":"2022-06-08T17:41:46","date_gmt":"2022-06-08T15:41:46","guid":{"rendered":"https:\/\/chateau-saint-georges.com\/shop\/?post_type=product&#038;p=657"},"modified":"2025-01-14T16:59:45","modified_gmt":"2025-01-14T15:59:45","slug":"chateau-saint-georges-millesime-2015","status":"publish","type":"product","link":"https:\/\/chateau-saint-georges.com\/shop\/product\/chateau-saint-georges-millesime-2015\/","title":{"rendered":"Ch\u00e2teau Saint-Georges Mill\u00e9sime 2015"},"content":{"rendered":"\r\n<div class=\"is-layout-flex wp-container-4 wp-block-columns groupe_homepage\">\r\n<div class=\"is-layout-flow wp-block-column\">\r\n<figure class=\"wp-block-image size-large\"><img decoding=\"async\" loading=\"lazy\" width=\"768\" height=\"1024\" class=\"wp-image-288\" src=\"https:\/\/chateau-saint-georges.com\/shop\/wp-content\/uploads\/2022\/05\/IMG_2632-scaled-e1653307526954-768x1024.jpg\" alt=\"\" srcset=\"https:\/\/chateau-saint-georges.com\/shop\/wp-content\/uploads\/2022\/05\/IMG_2632-scaled-e1653307526954-768x1024.jpg 768w, https:\/\/chateau-saint-georges.com\/shop\/wp-content\/uploads\/2022\/05\/IMG_2632-scaled-e1653307526954-324x432.jpg 324w, https:\/\/chateau-saint-georges.com\/shop\/wp-content\/uploads\/2022\/05\/IMG_2632-scaled-e1653307526954-416x555.jpg 416w, https:\/\/chateau-saint-georges.com\/shop\/wp-content\/uploads\/2022\/05\/IMG_2632-scaled-e1653307526954-225x300.jpg 225w, https:\/\/chateau-saint-georges.com\/shop\/wp-content\/uploads\/2022\/05\/IMG_2632-scaled-e1653307526954-1152x1536.jpg 1152w, https:\/\/chateau-saint-georges.com\/shop\/wp-content\/uploads\/2022\/05\/IMG_2632-scaled-e1653307526954.jpg 1218w\" sizes=\"(max-width: 768px) 100vw, 768px\" \/><\/figure>\r\n<\/div>\r\n\r\n\r\n\r\n<div class=\"is-layout-flow wp-block-column\">\r\n<div class=\"wp-block-spacer\" style=\"height: 41px\" aria-hidden=\"true\">\u00a0<\/div>\r\n\r\n\r\n\r\n<h3 style=\"font-style: normal;font-weight: 100\">Equilibre parfait entre ar\u00f4mes et finesse de structure<\/h3>\r\n\r\n\r\n\r\n<h2>Commentaire de d\u00e9gustation<\/h2>\r\n\r\n\r\n\r\n<div class=\"wp-block-spacer\" style=\"height: 41px\" aria-hidden=\"true\">\u00a0<\/div>\r\n\r\n\r\n<hr class=\"wp-block-separator has-text-color has-vivid-red-color has-alpha-channel-opacity has-vivid-red-background-color has-background small_separator is-style-wide\" \/>\r\n\r\n\r\n<div class=\"wp-block-spacer\" style=\"height: 47px\" aria-hidden=\"true\">\u00a0<\/div>\r\n\r\n\r\n\r\n<p>Un mill\u00e9sime se terminant par 5 nous laisse r\u00eaveurs par son caract\u00e8re exceptionnel. Il se d\u00e9marque par son\u00a0\u00e9quilibre parfait entre ar\u00f4mes et finesse de structure.\u00a0Une robe violine intense et profonde.\u00a0Le nez r\u00e9v\u00e8le une maturit\u00e9 du fruit id\u00e9ale avec \u00e0 la fois de subtiles\u00a0notes de griottes, de fraises confites et des rappels de fra\u00eecheurs, de\u00a0r\u00e9glisse. En bouche, un vin gourmand, riche avec beaucoup de m\u00e2che. Des tanins \u00e0 la fois puissants et \u00e9l\u00e9gants. Un bois\u00e9 tr\u00e8s fondu qui vient\u00a0apporter une complexit\u00e9 aromatique avec de tr\u00e8s belles notes grill\u00e9es chocolat\u00e9es, \u00e9pic\u00e9es. La longueur respecte la fra\u00eecheur, le fruit tr\u00e8s m\u00fbr.<\/p>\r\n\r\n\r\n\r\n<div class=\"wp-block-spacer\" style=\"height: 21px\" aria-hidden=\"true\">\u00a0<\/div>\r\n\r\n\r\n\r\n<div class=\"is-layout-flex wp-block-buttons\">\r\n<div class=\"wp-block-button aligncenter has-custom-width wp-block-button__width-25 has-custom-font-size is-style-fill has-small-font-size\"><a class=\"wp-block-button__link has-white-color has-black-background-color has-text-color has-background wp-element-button\" style=\"border-radius: 0px\" href=\"https:\/\/chateau-saint-georges.com\/shop\/wp-content\/uploads\/2022\/05\/csg_2015_600pxlarge.png\">T\u00e9l\u00e9charger la fiche de cave \u2193<\/a><\/div>\r\n<\/div>\r\n<\/div>\r\n<\/div>\r\n\r\n\r\n\r\n<div class=\"is-layout-flex wp-container-7 wp-block-columns groupe_homepage\">\r\n<div class=\"is-layout-flow wp-block-column\">\r\n<div class=\"wp-block-spacer\" style=\"height: 41px\" aria-hidden=\"true\">\u00a0<\/div>\r\n\r\n\r\n\r\n<h3 style=\"font-style: normal;font-weight: 100\">Accord mets &amp; vins<\/h3>\r\n\r\n\r\n\r\n<h2>Nos suggestions<\/h2>\r\n\r\n\r\n\r\n<div class=\"wp-block-spacer\" style=\"height: 41px\" aria-hidden=\"true\">\u00a0<\/div>\r\n\r\n\r\n<hr class=\"wp-block-separator has-text-color has-vivid-red-color has-alpha-channel-opacity has-vivid-red-background-color has-background small_separator is-style-wide\" \/>\r\n\r\n\r\n<div class=\"wp-block-spacer\" style=\"height: 41px\" aria-hidden=\"true\">\u00a0<\/div>\r\n\r\n\r\n\r\n<p>Entrec\u00f4te, ris de veau, fourme de Rochefort.<\/p>\r\n<\/div>\r\n\r\n\r\n\r\n<div class=\"is-layout-flow wp-block-column\">\r\n<figure class=\"wp-block-image size-large\"><img decoding=\"async\" loading=\"lazy\" width=\"1024\" height=\"683\" class=\"wp-image-570\" src=\"https:\/\/chateau-saint-georges.com\/shop\/wp-content\/uploads\/2022\/05\/kyle-mackie-Xedxbjx7MFg-unsplash-1024x683.jpg\" alt=\"\" srcset=\"https:\/\/chateau-saint-georges.com\/shop\/wp-content\/uploads\/2022\/05\/kyle-mackie-Xedxbjx7MFg-unsplash-1024x683.jpg 1024w, https:\/\/chateau-saint-georges.com\/shop\/wp-content\/uploads\/2022\/05\/kyle-mackie-Xedxbjx7MFg-unsplash-300x200.jpg 300w, https:\/\/chateau-saint-georges.com\/shop\/wp-content\/uploads\/2022\/05\/kyle-mackie-Xedxbjx7MFg-unsplash-768x512.jpg 768w, https:\/\/chateau-saint-georges.com\/shop\/wp-content\/uploads\/2022\/05\/kyle-mackie-Xedxbjx7MFg-unsplash-1536x1024.jpg 1536w, https:\/\/chateau-saint-georges.com\/shop\/wp-content\/uploads\/2022\/05\/kyle-mackie-Xedxbjx7MFg-unsplash-2048x1365.jpg 2048w\" sizes=\"(max-width: 1024px) 100vw, 1024px\" \/><\/figure>\r\n<\/div>\r\n<\/div>\r\n","protected":false},"excerpt":{"rendered":"<p>Le Ch\u00e2teau Saint-Georges 2015 est l&rsquo;expression\u00a0d&rsquo;un terroir qui a su b\u00e9n\u00e9ficier d&rsquo;une floraison homog\u00e8ne et d&rsquo;un \u00e9t\u00e9\u00a0ensoleill\u00e9. Un mill\u00e9sime d&rsquo;avenir, de garde qui s&rsquo;inscrit parmi les grands mill\u00e9simes de l&rsquo;histoire viticole.<\/p>\n","protected":false},"featured_media":477,"comment_status":"open","ping_status":"closed","template":"","meta":{"_expiration-date-status":"","_expiration-date":0,"_expiration-date-type":"","_expiration-date-categories":[],"_expiration-date-options":[]},"product_cat":[31,134],"product_tag":[42,133,132,34],"_links":{"self":[{"href":"https:\/\/chateau-saint-georges.com\/shop\/wp-json\/wp\/v2\/product\/657"}],"collection":[{"href":"https:\/\/chateau-saint-georges.com\/shop\/wp-json\/wp\/v2\/product"}],"about":[{"href":"https:\/\/chateau-saint-georges.com\/shop\/wp-json\/wp\/v2\/types\/product"}],"replies":[{"embeddable":true,"href":"https:\/\/chateau-saint-georges.com\/shop\/wp-json\/wp\/v2\/comments?post=657"}],"wp:featuredmedia":[{"embeddable":true,"href":"https:\/\/chateau-saint-georges.com\/shop\/wp-json\/wp\/v2\/media\/477"}],"wp:attachment":[{"href":"https:\/\/chateau-saint-georges.com\/shop\/wp-json\/wp\/v2\/media?parent=657"}],"wp:term":[{"taxonomy":"product_cat","embeddable":true,"href":"https:\/\/chateau-saint-georges.com\/shop\/wp-json\/wp\/v2\/product_cat?post=657"},{"taxonomy":"product_tag","embeddable":true,"href":"https:\/\/chateau-saint-georges.com\/shop\/wp-json\/wp\/v2\/product_tag?post=657"}],"curies":[{"name":"wp","href":"https:\/\/api.w.org\/{rel}","templated":true}]}}