{"id":651,"date":"2022-06-08T17:41:46","date_gmt":"2022-06-08T15:41:46","guid":{"rendered":"https:\/\/chateau-saint-georges.com\/shop\/?post_type=product&#038;p=651"},"modified":"2026-03-09T16:34:39","modified_gmt":"2026-03-09T15:34:39","slug":"chateau-saint-georges-millesime-2016","status":"publish","type":"product","link":"https:\/\/chateau-saint-georges.com\/shop\/product\/chateau-saint-georges-millesime-2016\/","title":{"rendered":"Ch\u00e2teau Saint-Georges Mill\u00e9sime 2016"},"content":{"rendered":"\r\n<div class=\"is-layout-flex wp-container-4 wp-block-columns groupe_homepage\">\r\n<div class=\"is-layout-flow wp-block-column\">\r\n<figure class=\"wp-block-image size-large\"><img decoding=\"async\" loading=\"lazy\" width=\"910\" height=\"1024\" class=\"wp-image-375\" src=\"https:\/\/chateau-saint-georges.com\/shop\/wp-content\/uploads\/2022\/05\/offre-speciales-910x1024.jpg\" alt=\"\" \/><\/figure>\r\n<\/div>\r\n\r\n\r\n\r\n<div class=\"is-layout-flow wp-block-column\">\r\n<div class=\"wp-block-spacer\" style=\"height: 41px\" aria-hidden=\"true\">\u00a0<\/div>\r\n\r\n\r\n\r\n<h3 style=\"font-style: normal;font-weight: 100\">D&rsquo;une tr\u00e8s rare complexit\u00e9 !<\/h3>\r\n\r\n\r\n\r\n<h2>Commentaire de d\u00e9gustation<\/h2>\r\n\r\n\r\n\r\n<div class=\"wp-block-spacer\" style=\"height: 41px\" aria-hidden=\"true\">\u00a0<\/div>\r\n\r\n\r\n<hr class=\"wp-block-separator has-text-color has-vivid-red-color has-alpha-channel-opacity has-vivid-red-background-color has-background small_separator is-style-wide\" \/>\r\n\r\n\r\n<div class=\"wp-block-spacer\" style=\"height: 47px\" aria-hidden=\"true\">\u00a0<\/div>\r\n\r\n\r\n\r\n<p>Un vin d\u2019une tr\u00e8s grande complexit\u00e9, un hymne \u00e0 Saint-Georges\u00a0! Cette vendange a donn\u00e9 un vin d\u2019une grande complexit\u00e9 aromatique, taill\u00e9 pour une belle garde. Il s\u2019inscrit d\u2019embl\u00e9e parmi les grands mill\u00e9simes de l\u2019histoire viticole. La robe est d\u2019un beau rubis\/grenat profond et brillant. Le nez est expressif et suave, d\u00e9voilant une palette envo\u00fbtante et complexe de fruits noirs tr\u00e8s m\u00fbrs et d\u2019\u00e9pices douces. Un magnifique mariage aromatique qui trouve son point d\u2019orgue avec un bois\u00e9 rac\u00e9, agr\u00e9ment\u00e9 de parfums de rose poudr\u00e9e et de pivoine. Le palais est riche, dense, raffin\u00e9, les tannins d\u2019une extr\u00eame rondeur. La bouche charnue offre des saveurs de fruits noirs et rouges, des notes min\u00e9rales de graphite, d\u2019\u00e9pices douces.<\/p>\r\n\r\n\r\n\r\n<div class=\"wp-block-spacer\" style=\"height: 21px\" aria-hidden=\"true\">\u00a0<\/div>\r\n\r\n\r\n\r\n<div class=\"is-layout-flex wp-block-buttons\">\r\n<div class=\"wp-block-button aligncenter has-custom-width wp-block-button__width-25 has-custom-font-size is-style-fill has-small-font-size\"><a class=\"wp-block-button__link has-white-color has-black-background-color has-text-color has-background wp-element-button\" style=\"border-radius: 0px\" href=\"https:\/\/chateau-saint-georges.com\/shop\/wp-content\/uploads\/2022\/05\/csg_2016_600pxlarge.png\">T\u00e9l\u00e9charger la fiche de cave \u2193<\/a><\/div>\r\n<\/div>\r\n\r\n\r\n\r\n<div class=\"wp-block-spacer\" style=\"height: 51px\" aria-hidden=\"true\">\u00a0<\/div>\r\n<\/div>\r\n<\/div>\r\n\r\n\r\n\r\n<div class=\"is-layout-flex wp-container-7 wp-block-columns groupe_homepage\">\r\n<div class=\"is-layout-flow wp-block-column\">\r\n<div class=\"wp-block-spacer\" style=\"height: 41px\" aria-hidden=\"true\">\u00a0<\/div>\r\n\r\n\r\n\r\n<h3 style=\"font-style: normal;font-weight: 100\">Accord mets &amp; vins<\/h3>\r\n\r\n\r\n\r\n<h2>Nos suggestions<\/h2>\r\n\r\n\r\n\r\n<div class=\"wp-block-spacer\" style=\"height: 41px\" aria-hidden=\"true\">\u00a0<\/div>\r\n\r\n\r\n<hr class=\"wp-block-separator has-text-color has-vivid-red-color has-alpha-channel-opacity has-vivid-red-background-color has-background small_separator is-style-wide\" \/>\r\n\r\n\r\n<div class=\"wp-block-spacer\" style=\"height: 41px\" aria-hidden=\"true\">\u00a0<\/div>\r\n\r\n\r\n\r\n<p>Gibiers, brie de Meaux, gigot d&rsquo;agneau, viandes en sauce.<\/p>\r\n<\/div>\r\n\r\n\r\n\r\n<div class=\"is-layout-flow wp-block-column\">\r\n<figure class=\"wp-block-image size-large\"><img decoding=\"async\" loading=\"lazy\" width=\"1024\" height=\"563\" class=\"wp-image-569\" src=\"https:\/\/chateau-saint-georges.com\/shop\/wp-content\/uploads\/2022\/05\/1107_vignettesbrie_0-1024x563.jpg\" alt=\"\" srcset=\"https:\/\/chateau-saint-georges.com\/shop\/wp-content\/uploads\/2022\/05\/1107_vignettesbrie_0-1024x563.jpg 1024w, https:\/\/chateau-saint-georges.com\/shop\/wp-content\/uploads\/2022\/05\/1107_vignettesbrie_0-300x165.jpg 300w, https:\/\/chateau-saint-georges.com\/shop\/wp-content\/uploads\/2022\/05\/1107_vignettesbrie_0-768x423.jpg 768w, https:\/\/chateau-saint-georges.com\/shop\/wp-content\/uploads\/2022\/05\/1107_vignettesbrie_0.jpg 1107w\" sizes=\"(max-width: 1024px) 100vw, 1024px\" \/><\/figure>\r\n<\/div>\r\n<\/div>\r\n","protected":false},"excerpt":{"rendered":"<p>Un petit miracle climatique\u00a0! D\u2019abord un hiver tr\u00e8s doux et g\u00e9n\u00e9reux en pr\u00e9cipitations constitua de bonnes r\u00e9serves d\u2019eau. Le printemps apporta une floraison tr\u00e8s homog\u00e8ne. Puis, est arriv\u00e9 un \u00e9t\u00e9 sans une goutte de pluie, signe de grandes ann\u00e9es classiques. Un \u00e9pisode pluvieux en septembre fit gonfler nos baies pour une vendange optimale le 8 octobre.<\/p>\n","protected":false},"featured_media":476,"comment_status":"open","ping_status":"closed","template":"","meta":{"_expiration-date-status":"","_expiration-date":0,"_expiration-date-type":"","_expiration-date-categories":[],"_expiration-date-options":[]},"product_cat":[31,129],"product_tag":[133,132,34],"_links":{"self":[{"href":"https:\/\/chateau-saint-georges.com\/shop\/wp-json\/wp\/v2\/product\/651"}],"collection":[{"href":"https:\/\/chateau-saint-georges.com\/shop\/wp-json\/wp\/v2\/product"}],"about":[{"href":"https:\/\/chateau-saint-georges.com\/shop\/wp-json\/wp\/v2\/types\/product"}],"replies":[{"embeddable":true,"href":"https:\/\/chateau-saint-georges.com\/shop\/wp-json\/wp\/v2\/comments?post=651"}],"wp:featuredmedia":[{"embeddable":true,"href":"https:\/\/chateau-saint-georges.com\/shop\/wp-json\/wp\/v2\/media\/476"}],"wp:attachment":[{"href":"https:\/\/chateau-saint-georges.com\/shop\/wp-json\/wp\/v2\/media?parent=651"}],"wp:term":[{"taxonomy":"product_cat","embeddable":true,"href":"https:\/\/chateau-saint-georges.com\/shop\/wp-json\/wp\/v2\/product_cat?post=651"},{"taxonomy":"product_tag","embeddable":true,"href":"https:\/\/chateau-saint-georges.com\/shop\/wp-json\/wp\/v2\/product_tag?post=651"}],"curies":[{"name":"wp","href":"https:\/\/api.w.org\/{rel}","templated":true}]}}