{"id":645,"date":"2022-06-08T17:41:46","date_gmt":"2022-06-08T15:41:46","guid":{"rendered":"https:\/\/chateau-saint-georges.com\/shop\/?post_type=product&#038;p=645"},"modified":"2025-01-28T16:42:01","modified_gmt":"2025-01-28T15:42:01","slug":"chateau-saint-georges-millesime-2017","status":"publish","type":"product","link":"https:\/\/chateau-saint-georges.com\/shop\/product\/chateau-saint-georges-millesime-2017\/","title":{"rendered":"Ch\u00e2teau Saint-Georges Mill\u00e9sime 2017"},"content":{"rendered":"\r\n<div class=\"is-layout-flex wp-container-4 wp-block-columns groupe_homepage\">\r\n<div class=\"is-layout-flow wp-block-column\">\r\n<figure class=\"wp-block-image size-large\"><img decoding=\"async\" loading=\"lazy\" width=\"819\" height=\"1024\" class=\"wp-image-516\" src=\"https:\/\/chateau-saint-georges.com\/shop\/wp-content\/uploads\/2022\/05\/122969671_829009867675817_6815010536565647730_n-819x1024.jpg\" alt=\"\" srcset=\"https:\/\/chateau-saint-georges.com\/shop\/wp-content\/uploads\/2022\/05\/122969671_829009867675817_6815010536565647730_n-819x1024.jpg 819w, https:\/\/chateau-saint-georges.com\/shop\/wp-content\/uploads\/2022\/05\/122969671_829009867675817_6815010536565647730_n-240x300.jpg 240w, https:\/\/chateau-saint-georges.com\/shop\/wp-content\/uploads\/2022\/05\/122969671_829009867675817_6815010536565647730_n-768x960.jpg 768w, https:\/\/chateau-saint-georges.com\/shop\/wp-content\/uploads\/2022\/05\/122969671_829009867675817_6815010536565647730_n-1229x1536.jpg 1229w, https:\/\/chateau-saint-georges.com\/shop\/wp-content\/uploads\/2022\/05\/122969671_829009867675817_6815010536565647730_n.jpg 1440w\" sizes=\"(max-width: 819px) 100vw, 819px\" \/><\/figure>\r\n<\/div>\r\n\r\n\r\n\r\n<div class=\"is-layout-flow wp-block-column\">\r\n<div class=\"wp-block-spacer\" style=\"height: 41px\" aria-hidden=\"true\">\u00a0<\/div>\r\n\r\n\r\n\r\n<h3 style=\"font-style: normal;font-weight: 100\">Un bel \u00e9quilibre entre puissance et finesse tannique !<\/h3>\r\n\r\n\r\n\r\n<h2>Commentaire de d\u00e9gustation<\/h2>\r\n\r\n\r\n\r\n<div class=\"wp-block-spacer\" style=\"height: 41px\" aria-hidden=\"true\">\u00a0<\/div>\r\n\r\n\r\n<hr class=\"wp-block-separator has-text-color has-vivid-red-color has-alpha-channel-opacity has-vivid-red-background-color has-background small_separator is-style-wide\" \/>\r\n\r\n\r\n<div class=\"wp-block-spacer\" style=\"height: 47px\" aria-hidden=\"true\">\u00a0<\/div>\r\n\r\n\r\n\r\n<p><br \/>La robe du Ch\u00e2teau Saint-Georges 2017 offre une tr\u00e8s belle couleur grenat profond aux reflets \u00e9l\u00e9gants. Le nez poss\u00e8de une remarquable fra\u00eecheur et beaucoup de structure avec une explosion de petits fruits noirs, d\u2019\u00e9pices, de r\u00e9glisse et de menthe fra\u00eeche. La bouche est ample, charnue et cr\u00e9meuse. Les tanins sont gras et enrob\u00e9s de magnifiques ar\u00f4mes de fruits noirs, cerises et myrtilles. Ils se m\u00ealent en harmonie \u00e0 un fin bois\u00e9 rehauss\u00e9 de d\u00e9licates saveurs r\u00f4ties et fum\u00e9es, signes d\u2019un \u00e9levage tr\u00e8s r\u00e9ussi. La finale est longue, fra\u00eeche, min\u00e9rale et superbement \u00e9pic\u00e9e.<\/p>\r\n\r\n\r\n\r\n<div class=\"wp-block-spacer\" style=\"height: 21px\" aria-hidden=\"true\">\u00a0<\/div>\r\n\r\n\r\n\r\n<div class=\"is-layout-flex wp-block-buttons\">\r\n<div class=\"wp-block-button aligncenter has-custom-width wp-block-button__width-25 has-custom-font-size is-style-fill has-small-font-size\"><a class=\"wp-block-button__link has-white-color has-black-background-color has-text-color has-background\" style=\"border-radius: 0px\" href=\"https:\/\/chateau-saint-georges.com\/shop\/wp-content\/uploads\/2022\/05\/csg_2017_600pxlarge.png\">T\u00e9l\u00e9charger la fiche de cave \u2193<\/a><\/div>\r\n<\/div>\r\n\r\n\r\n\r\n<div class=\"wp-block-spacer\" style=\"height: 67px\" aria-hidden=\"true\">\u00a0<\/div>\r\n<\/div>\r\n<\/div>\r\n\r\n\r\n\r\n<div class=\"is-layout-flex wp-container-7 wp-block-columns groupe_homepage\">\r\n<div class=\"is-layout-flow wp-block-column\">\r\n<div class=\"wp-block-spacer\" style=\"height: 41px\" aria-hidden=\"true\">\u00a0<\/div>\r\n\r\n\r\n\r\n<h3 style=\"font-style: normal;font-weight: 100\">Accord mets &amp; vins<\/h3>\r\n\r\n\r\n\r\n<h2>Nos suggestions<\/h2>\r\n\r\n\r\n\r\n<div class=\"wp-block-spacer\" style=\"height: 41px\" aria-hidden=\"true\">\u00a0<\/div>\r\n\r\n\r\n<hr class=\"wp-block-separator has-text-color has-vivid-red-color has-alpha-channel-opacity has-vivid-red-background-color has-background small_separator is-style-wide\" \/>\r\n\r\n\r\n<div class=\"wp-block-spacer\" style=\"height: 41px\" aria-hidden=\"true\">\u00a0<\/div>\r\n\r\n\r\n\r\n<p>Apr\u00e8s d\u00e9cantation (18\u00b0C) et s\u00e9jour d\u2019une heure en carafe, d\u00e9gustez ce Ch\u00e2teau Saint-Georges\u00a0: avec un foie gras mi-cuit, une terrine de li\u00e8vre, un saumon frais, un curry d\u2019agneau ou un tartare de b\u0153uf.<\/p>\r\n\r\n\r\n\r\n<p>&nbsp;<\/p>\r\n\r\n\r\n\r\n<p>Il se marie parfaitement avec une volaille noble au four, une entrec\u00f4te bordelaise, un magret de canard ou un saut\u00e9 de veau.<\/p>\r\n<\/div>\r\n\r\n\r\n\r\n<div class=\"is-layout-flow wp-block-column\">\r\n<figure class=\"wp-block-image size-large\"><img decoding=\"async\" loading=\"lazy\" width=\"1024\" height=\"1024\" class=\"wp-image-735\" src=\"https:\/\/chateau-saint-georges.com\/shop\/wp-content\/uploads\/2022\/06\/melanie-andersen-BzPldTqssWU-unsplash-1024x1024.jpg\" alt=\"\" srcset=\"https:\/\/chateau-saint-georges.com\/shop\/wp-content\/uploads\/2022\/06\/melanie-andersen-BzPldTqssWU-unsplash-1024x1024.jpg 1024w, https:\/\/chateau-saint-georges.com\/shop\/wp-content\/uploads\/2022\/06\/melanie-andersen-BzPldTqssWU-unsplash-scaled-100x100.jpg 100w, https:\/\/chateau-saint-georges.com\/shop\/wp-content\/uploads\/2022\/06\/melanie-andersen-BzPldTqssWU-unsplash-300x300.jpg 300w, https:\/\/chateau-saint-georges.com\/shop\/wp-content\/uploads\/2022\/06\/melanie-andersen-BzPldTqssWU-unsplash-150x150.jpg 150w, https:\/\/chateau-saint-georges.com\/shop\/wp-content\/uploads\/2022\/06\/melanie-andersen-BzPldTqssWU-unsplash-768x768.jpg 768w, https:\/\/chateau-saint-georges.com\/shop\/wp-content\/uploads\/2022\/06\/melanie-andersen-BzPldTqssWU-unsplash-1536x1536.jpg 1536w, https:\/\/chateau-saint-georges.com\/shop\/wp-content\/uploads\/2022\/06\/melanie-andersen-BzPldTqssWU-unsplash-2048x2048.jpg 2048w, https:\/\/chateau-saint-georges.com\/shop\/wp-content\/uploads\/2022\/06\/melanie-andersen-BzPldTqssWU-unsplash-12x12.jpg 12w\" sizes=\"(max-width: 1024px) 100vw, 1024px\" \/><\/figure>\r\n<\/div>\r\n<\/div>\r\n","protected":false},"excerpt":{"rendered":"<p>Le Ch\u00e2teau Saint-Georges 2017 traduit avec distinction la richesse aromatique de ses Merlots et leur r\u00e9colte \u00e0 maturit\u00e9 optimum sur un terroir argilo-calcaire exceptionnel. Voil\u00e0 un vin gourmand, tr\u00e8s droit, long en bouche, affichant un bel \u00e9quilibre entre puissance et finesse tannique, capable d\u2019\u00eatre appr\u00e9ci\u00e9 d\u00e8s sa prime jeunesse comme apr\u00e8s des ann\u00e9es de cave.<\/p>\n","protected":false},"featured_media":459,"comment_status":"open","ping_status":"closed","template":"","meta":{"_expiration-date-status":"","_expiration-date":0,"_expiration-date-type":"","_expiration-date-categories":[],"_expiration-date-options":[]},"product_cat":[31,125],"product_tag":[44,40,34],"_links":{"self":[{"href":"https:\/\/chateau-saint-georges.com\/shop\/wp-json\/wp\/v2\/product\/645"}],"collection":[{"href":"https:\/\/chateau-saint-georges.com\/shop\/wp-json\/wp\/v2\/product"}],"about":[{"href":"https:\/\/chateau-saint-georges.com\/shop\/wp-json\/wp\/v2\/types\/product"}],"replies":[{"embeddable":true,"href":"https:\/\/chateau-saint-georges.com\/shop\/wp-json\/wp\/v2\/comments?post=645"}],"wp:featuredmedia":[{"embeddable":true,"href":"https:\/\/chateau-saint-georges.com\/shop\/wp-json\/wp\/v2\/media\/459"}],"wp:attachment":[{"href":"https:\/\/chateau-saint-georges.com\/shop\/wp-json\/wp\/v2\/media?parent=645"}],"wp:term":[{"taxonomy":"product_cat","embeddable":true,"href":"https:\/\/chateau-saint-georges.com\/shop\/wp-json\/wp\/v2\/product_cat?post=645"},{"taxonomy":"product_tag","embeddable":true,"href":"https:\/\/chateau-saint-georges.com\/shop\/wp-json\/wp\/v2\/product_tag?post=645"}],"curies":[{"name":"wp","href":"https:\/\/api.w.org\/{rel}","templated":true}]}}