{"id":634,"date":"2022-06-08T17:41:45","date_gmt":"2022-06-08T15:41:45","guid":{"rendered":"https:\/\/chateau-saint-georges.com\/shop\/?post_type=product&#038;p=634"},"modified":"2025-11-04T12:00:49","modified_gmt":"2025-11-04T11:00:49","slug":"chateau-saint-georges-millesime-2018","status":"publish","type":"product","link":"https:\/\/chateau-saint-georges.com\/shop\/product\/chateau-saint-georges-millesime-2018\/","title":{"rendered":"Ch\u00e2teau Saint-Georges Mill\u00e9sime 2018"},"content":{"rendered":"\r\n<div class=\"is-layout-flex wp-container-4 wp-block-columns groupe_homepage\">\r\n<div class=\"is-layout-flow wp-block-column\">\r\n<figure class=\"wp-block-image size-large\"><img decoding=\"async\" loading=\"lazy\" width=\"910\" height=\"1024\" class=\"wp-image-24\" src=\"https:\/\/chateau-saint-georges.com\/shop\/wp-content\/uploads\/2022\/05\/ChateauStGeorges_ombre-910x1024.jpg\" alt=\"\" srcset=\"https:\/\/chateau-saint-georges.com\/shop\/wp-content\/uploads\/2022\/05\/ChateauStGeorges_ombre-910x1024.jpg 910w, https:\/\/chateau-saint-georges.com\/shop\/wp-content\/uploads\/2022\/05\/ChateauStGeorges_ombre-324x365.jpg 324w, https:\/\/chateau-saint-georges.com\/shop\/wp-content\/uploads\/2022\/05\/ChateauStGeorges_ombre-416x468.jpg 416w, https:\/\/chateau-saint-georges.com\/shop\/wp-content\/uploads\/2022\/05\/ChateauStGeorges_ombre-267x300.jpg 267w, https:\/\/chateau-saint-georges.com\/shop\/wp-content\/uploads\/2022\/05\/ChateauStGeorges_ombre-768x864.jpg 768w, https:\/\/chateau-saint-georges.com\/shop\/wp-content\/uploads\/2022\/05\/ChateauStGeorges_ombre.jpg 1218w\" sizes=\"(max-width: 910px) 100vw, 910px\" \/><\/figure>\r\n<\/div>\r\n\r\n\r\n\r\n<div class=\"is-layout-flow wp-block-column\">\r\n<div class=\"wp-block-spacer\" style=\"height: 41px\" aria-hidden=\"true\">\u00a0<\/div>\r\n\r\n\r\n\r\n<h3 style=\"font-style: normal;font-weight: 100\">Une vraie r\u00e9v\u00e9lation !<\/h3>\r\n\r\n\r\n\r\n<h2>Commentaire de d\u00e9gustation<\/h2>\r\n\r\n\r\n\r\n<div class=\"wp-block-spacer\" style=\"height: 41px\" aria-hidden=\"true\">\u00a0<\/div>\r\n\r\n\r\n<hr class=\"wp-block-separator has-text-color has-vivid-red-color has-alpha-channel-opacity has-vivid-red-background-color has-background small_separator is-style-wide\" \/>\r\n\r\n\r\n<div class=\"wp-block-spacer\" style=\"height: 47px\" aria-hidden=\"true\">\u00a0<\/div>\r\n\r\n\r\n\r\n<p>Le Ch\u00e2teau Saint-Georges 2018 associe la structure et la puissance d&rsquo;un 2015, \u00e0 l&rsquo;ampleur aromatique et \u00e0 la fra\u00eecheur d&rsquo;un 2016. Ce sera sans aucun doute un tr\u00e8s grand vin de garde dans un magnifique mill\u00e9sime.<\/p>\r\n\r\n\r\n\r\n<p>La bouche t\u00e9moigne d&rsquo;une belle amplitude, de la m\u00e2che, un \u00e9quilibre parfait d\u00e8s sa jeunesse o\u00f9 rayonnent les saveurs du fruit tr\u00e8s pr\u00e9sent, id\u00e9alement unies de tanins gras et enrob\u00e9s. Des notes discr\u00e8tes de cro\u00fbte de pain chaud et d&rsquo;amandes grill\u00e9es nous font revenir. La finale fra\u00eeche est longue. Une vraie r\u00e9v\u00e9lation.<\/p>\r\n\r\n\r\n\r\n<div class=\"wp-block-spacer\" style=\"height: 21px\" aria-hidden=\"true\">\u00a0<\/div>\r\n\r\n\r\n\r\n<div class=\"is-layout-flex wp-block-buttons\">\r\n<div class=\"wp-block-button aligncenter has-custom-width wp-block-button__width-25 has-custom-font-size is-style-fill has-small-font-size\"><a class=\"wp-block-button__link has-white-color has-black-background-color has-text-color has-background wp-element-button\" style=\"border-radius: 0px\" href=\"https:\/\/chateau-saint-georges.com\/shop\/wp-content\/uploads\/2022\/05\/csg_2018_600pxlarge.png\">T\u00e9l\u00e9charger la fiche de cave \u2193<\/a><\/div>\r\n<\/div>\r\n\r\n\r\n\r\n<div class=\"wp-block-spacer\" style=\"height: 56px\" aria-hidden=\"true\">\u00a0<\/div>\r\n<\/div>\r\n<\/div>\r\n\r\n\r\n\r\n<div class=\"is-layout-flex wp-container-7 wp-block-columns groupe_homepage\">\r\n<div class=\"is-layout-flow wp-block-column\">\r\n<div class=\"wp-block-spacer\" style=\"height: 41px\" aria-hidden=\"true\">\u00a0<\/div>\r\n\r\n\r\n\r\n<h3 style=\"font-style: normal;font-weight: 100\">Accord mets &amp; vins<\/h3>\r\n\r\n\r\n\r\n<h2>Nos suggestions<\/h2>\r\n\r\n\r\n\r\n<div class=\"wp-block-spacer\" style=\"height: 41px\" aria-hidden=\"true\">\u00a0<\/div>\r\n\r\n\r\n<hr class=\"wp-block-separator has-text-color has-vivid-red-color has-alpha-channel-opacity has-vivid-red-background-color has-background small_separator is-style-wide\" \/>\r\n\r\n\r\n<div class=\"wp-block-spacer\" style=\"height: 41px\" aria-hidden=\"true\">\u00a0<\/div>\r\n\r\n\r\n\r\n<p>Gibiers, brie de Meaux, c\u00f4te de b\u0153uf, r\u00f4ti Orloff, viandes en sauce.<\/p>\r\n<\/div>\r\n\r\n\r\n\r\n<div class=\"is-layout-flow wp-block-column\">\r\n<figure class=\"wp-block-image size-large\"><img decoding=\"async\" loading=\"lazy\" width=\"1024\" height=\"666\" class=\"wp-image-737\" src=\"https:\/\/chateau-saint-georges.com\/shop\/wp-content\/uploads\/2022\/06\/iman-zaker-Et1rVF1YJe8-unsplash-scaled-e1654784496720-1024x666.jpg\" alt=\"\" srcset=\"https:\/\/chateau-saint-georges.com\/shop\/wp-content\/uploads\/2022\/06\/iman-zaker-Et1rVF1YJe8-unsplash-scaled-e1654784496720-1024x666.jpg 1024w, https:\/\/chateau-saint-georges.com\/shop\/wp-content\/uploads\/2022\/06\/iman-zaker-Et1rVF1YJe8-unsplash-scaled-e1654784496720-300x195.jpg 300w, https:\/\/chateau-saint-georges.com\/shop\/wp-content\/uploads\/2022\/06\/iman-zaker-Et1rVF1YJe8-unsplash-scaled-e1654784496720-768x499.jpg 768w, https:\/\/chateau-saint-georges.com\/shop\/wp-content\/uploads\/2022\/06\/iman-zaker-Et1rVF1YJe8-unsplash-scaled-e1654784496720-1536x998.jpg 1536w, https:\/\/chateau-saint-georges.com\/shop\/wp-content\/uploads\/2022\/06\/iman-zaker-Et1rVF1YJe8-unsplash-scaled-e1654784496720-18x12.jpg 18w, https:\/\/chateau-saint-georges.com\/shop\/wp-content\/uploads\/2022\/06\/iman-zaker-Et1rVF1YJe8-unsplash-scaled-e1654784496720.jpg 2048w\" sizes=\"(max-width: 1024px) 100vw, 1024px\" \/><\/figure>\r\n<\/div>\r\n<\/div>\r\n","protected":false},"excerpt":{"rendered":"<p>Que soient remerci\u00e9s les mois de mai \u00e0 octobre 2018. Tr\u00e8s ensoleill\u00e9s, ils nous ont offert des baies g\u00e9n\u00e9reuses en sucre, mais \u00e9galement tr\u00e8s aromatiques et pourvues de tanins prometteurs. Avec les bonnes pluies de printemps, les sols avaient engrang\u00e9 suffisamment d\u2019eau pour prot\u00e9ger les vignes de tout stress hydrique estival.<\/p>\n","protected":false},"featured_media":466,"comment_status":"open","ping_status":"closed","template":"","meta":{"_expiration-date-status":"","_expiration-date":0,"_expiration-date-type":"","_expiration-date-categories":[],"_expiration-date-options":[]},"product_cat":[31,69],"product_tag":[42,39,34],"_links":{"self":[{"href":"https:\/\/chateau-saint-georges.com\/shop\/wp-json\/wp\/v2\/product\/634"}],"collection":[{"href":"https:\/\/chateau-saint-georges.com\/shop\/wp-json\/wp\/v2\/product"}],"about":[{"href":"https:\/\/chateau-saint-georges.com\/shop\/wp-json\/wp\/v2\/types\/product"}],"replies":[{"embeddable":true,"href":"https:\/\/chateau-saint-georges.com\/shop\/wp-json\/wp\/v2\/comments?post=634"}],"wp:featuredmedia":[{"embeddable":true,"href":"https:\/\/chateau-saint-georges.com\/shop\/wp-json\/wp\/v2\/media\/466"}],"wp:attachment":[{"href":"https:\/\/chateau-saint-georges.com\/shop\/wp-json\/wp\/v2\/media?parent=634"}],"wp:term":[{"taxonomy":"product_cat","embeddable":true,"href":"https:\/\/chateau-saint-georges.com\/shop\/wp-json\/wp\/v2\/product_cat?post=634"},{"taxonomy":"product_tag","embeddable":true,"href":"https:\/\/chateau-saint-georges.com\/shop\/wp-json\/wp\/v2\/product_tag?post=634"}],"curies":[{"name":"wp","href":"https:\/\/api.w.org\/{rel}","templated":true}]}}