{"id":2935,"date":"2024-06-06T11:29:50","date_gmt":"2024-06-06T09:29:50","guid":{"rendered":"https:\/\/chateau-saint-georges.com\/shop\/?post_type=product&#038;p=2935"},"modified":"2025-01-28T16:50:26","modified_gmt":"2025-01-28T15:50:26","slug":"chateau-saint-georges-millesime-2022","status":"publish","type":"product","link":"https:\/\/chateau-saint-georges.com\/shop\/product\/chateau-saint-georges-millesime-2022\/","title":{"rendered":"Ch\u00e2teau Saint-Georges Mill\u00e9sime 2022"},"content":{"rendered":"\r\n<div class=\"is-layout-flex wp-container-4 wp-block-columns groupe_homepage\">\r\n<div class=\"is-layout-flow wp-block-column\">\r\n<figure class=\"wp-block-image size-large\"><img decoding=\"async\" loading=\"lazy\" width=\"683\" height=\"1024\" class=\"wp-image-751\" src=\"https:\/\/chateau-saint-georges.com\/shop\/wp-content\/uploads\/2022\/06\/saman-taheri-ZdhWsUoQzCk-unsplash-683x1024.jpg\" alt=\"\" srcset=\"https:\/\/chateau-saint-georges.com\/shop\/wp-content\/uploads\/2022\/06\/saman-taheri-ZdhWsUoQzCk-unsplash-683x1024.jpg 683w, https:\/\/chateau-saint-georges.com\/shop\/wp-content\/uploads\/2022\/06\/saman-taheri-ZdhWsUoQzCk-unsplash-200x300.jpg 200w, https:\/\/chateau-saint-georges.com\/shop\/wp-content\/uploads\/2022\/06\/saman-taheri-ZdhWsUoQzCk-unsplash-768x1151.jpg 768w, https:\/\/chateau-saint-georges.com\/shop\/wp-content\/uploads\/2022\/06\/saman-taheri-ZdhWsUoQzCk-unsplash-1025x1536.jpg 1025w, https:\/\/chateau-saint-georges.com\/shop\/wp-content\/uploads\/2022\/06\/saman-taheri-ZdhWsUoQzCk-unsplash-1367x2048.jpg 1367w, https:\/\/chateau-saint-georges.com\/shop\/wp-content\/uploads\/2022\/06\/saman-taheri-ZdhWsUoQzCk-unsplash-8x12.jpg 8w, https:\/\/chateau-saint-georges.com\/shop\/wp-content\/uploads\/2022\/06\/saman-taheri-ZdhWsUoQzCk-unsplash-scaled.jpg 1709w\" sizes=\"(max-width: 683px) 100vw, 683px\" \/><\/figure>\r\n<\/div>\r\n\r\n\r\n\r\n<div class=\"is-layout-flow wp-block-column\">\r\n<div class=\"wp-block-spacer\" style=\"height: 41px\" aria-hidden=\"true\">\u00a0<\/div>\r\n\r\n\r\n\r\n<h3 style=\"font-style: normal;font-weight: 100\">L&rsquo;av\u00e8nement d&rsquo;un grand mill\u00e9sime au nez tr\u00e8s intense, \u00e9l\u00e9gant et puissant aux notes de cacao, d\u2019\u00e9pices,<br \/>de caramel et de prune.<\/h3>\r\n\r\n\r\n\r\n<h2>Commentaire de d\u00e9gustation<\/h2>\r\n\r\n\r\n\r\n<div class=\"wp-block-spacer\" style=\"height: 41px\" aria-hidden=\"true\">\u00a0<\/div>\r\n\r\n\r\n<hr class=\"wp-block-separator has-text-color has-vivid-red-color has-alpha-channel-opacity has-vivid-red-background-color has-background small_separator is-style-wide\" \/>\r\n\r\n\r\n<p>Le mill\u00e9sime 2022 est autant puissant que d\u00e9licat de par ses ar\u00f4mes et la profondeur de sa bouche. Un v\u00e9ritable grand vin<br \/>de garde, qui peut tout de m\u00eame \u00eatre savour\u00e9 avec qui peut tout de m\u00eame \u00eatre savour\u00e9 avec<br \/>d\u00e9lectation d\u00e8s maintenant.\u00a0<\/p>\r\n\r\n\r\n\r\n<div class=\"wp-block-spacer\" style=\"height: 21px\" aria-hidden=\"true\">\u00a0<\/div>\r\n\r\n\r\n\r\n<div class=\"is-layout-flex wp-block-buttons\">\r\n<div class=\"wp-block-button aligncenter has-custom-width wp-block-button__width-25 has-custom-font-size is-style-fill has-small-font-size\"><a href=\"https:\/\/chateau-saint-georges.com\/shop\/wp-content\/uploads\/2024\/06\/fiche-de-cave-1-2022.pdf\">T\u00e9l\u00e9charger la fiche de cave \u2193<\/a><\/div>\r\n<\/div>\r\n<\/div>\r\n<\/div>\r\n\r\n\r\n\r\n<div class=\"is-layout-flex wp-container-7 wp-block-columns groupe_homepage\">\r\n<div class=\"is-layout-flow wp-block-column\">\r\n<div class=\"wp-block-spacer\" style=\"height: 41px\" aria-hidden=\"true\">\u00a0<\/div>\r\n\r\n\r\n\r\n<h3 style=\"font-style: normal;font-weight: 100\">Accord mets &amp; vins<\/h3>\r\n\r\n\r\n\r\n<h2>Nos suggestions<\/h2>\r\n\r\n\r\n\r\n<div class=\"wp-block-spacer\" style=\"height: 41px\" aria-hidden=\"true\">\u00a0<\/div>\r\n\r\n\r\n<hr class=\"wp-block-separator has-text-color has-vivid-red-color has-alpha-channel-opacity has-vivid-red-background-color has-background small_separator is-style-wide\" \/>\r\n\r\n\r\n<div class=\"wp-block-spacer\" style=\"height: 41px\" aria-hidden=\"true\">\u00a0<\/div>\r\n\r\n\r\n\r\n<p>Il accompagnera \u00e0 merveille une c\u00f4te de b\u0153uf matur\u00e9e grill\u00e9e, un r\u00f4ti de magret de canard ou des c\u00f4telettes d\u2019agneau.<\/p>\r\n\r\n\r\n\r\n<p>&nbsp;<\/p>\r\n<\/div>\r\n\r\n\r\n\r\n<div class=\"is-layout-flow wp-block-column\">\r\n<figure class=\"wp-block-image size-large\"><img decoding=\"async\" loading=\"lazy\" width=\"1024\" height=\"683\" class=\"wp-image-571\" src=\"https:\/\/chateau-saint-georges.com\/shop\/wp-content\/uploads\/2022\/05\/vincent-van-zalinge-MM2bY4W7G2Y-unsplash-1024x683.jpg\" alt=\"\" srcset=\"https:\/\/chateau-saint-georges.com\/shop\/wp-content\/uploads\/2022\/05\/vincent-van-zalinge-MM2bY4W7G2Y-unsplash-1024x683.jpg 1024w, https:\/\/chateau-saint-georges.com\/shop\/wp-content\/uploads\/2022\/05\/vincent-van-zalinge-MM2bY4W7G2Y-unsplash-300x200.jpg 300w, https:\/\/chateau-saint-georges.com\/shop\/wp-content\/uploads\/2022\/05\/vincent-van-zalinge-MM2bY4W7G2Y-unsplash-768x512.jpg 768w, https:\/\/chateau-saint-georges.com\/shop\/wp-content\/uploads\/2022\/05\/vincent-van-zalinge-MM2bY4W7G2Y-unsplash-1536x1024.jpg 1536w, https:\/\/chateau-saint-georges.com\/shop\/wp-content\/uploads\/2022\/05\/vincent-van-zalinge-MM2bY4W7G2Y-unsplash-2048x1365.jpg 2048w\" sizes=\"(max-width: 1024px) 100vw, 1024px\" \/><\/figure>\r\n<\/div>\r\n<\/div>\r\n","protected":false},"excerpt":{"rendered":"<p>Un mill\u00e9sime magistral, c&rsquo;est un vin riche d\u00fb \u00e0 un \u00e9t\u00e9 bien ensoleill\u00e9 avec des chauffes de barriques de type moyennes longues. Son \u00e9quilibre id\u00e9al entre sucre et acidit\u00e9 lui permet d&rsquo;\u00eatre d\u00e9gust\u00e9 avec volupt\u00e9 dans sa jeunesse et offre la garantie d&rsquo;un tr\u00e8s long avenir en cave.<\/p>\n","protected":false},"featured_media":2942,"comment_status":"open","ping_status":"closed","template":"","meta":{"_expiration-date-status":"","_expiration-date":0,"_expiration-date-type":"","_expiration-date-categories":[],"_expiration-date-options":[]},"product_cat":[31,150],"product_tag":[42,44,40,34],"_links":{"self":[{"href":"https:\/\/chateau-saint-georges.com\/shop\/wp-json\/wp\/v2\/product\/2935"}],"collection":[{"href":"https:\/\/chateau-saint-georges.com\/shop\/wp-json\/wp\/v2\/product"}],"about":[{"href":"https:\/\/chateau-saint-georges.com\/shop\/wp-json\/wp\/v2\/types\/product"}],"replies":[{"embeddable":true,"href":"https:\/\/chateau-saint-georges.com\/shop\/wp-json\/wp\/v2\/comments?post=2935"}],"wp:featuredmedia":[{"embeddable":true,"href":"https:\/\/chateau-saint-georges.com\/shop\/wp-json\/wp\/v2\/media\/2942"}],"wp:attachment":[{"href":"https:\/\/chateau-saint-georges.com\/shop\/wp-json\/wp\/v2\/media?parent=2935"}],"wp:term":[{"taxonomy":"product_cat","embeddable":true,"href":"https:\/\/chateau-saint-georges.com\/shop\/wp-json\/wp\/v2\/product_cat?post=2935"},{"taxonomy":"product_tag","embeddable":true,"href":"https:\/\/chateau-saint-georges.com\/shop\/wp-json\/wp\/v2\/product_tag?post=2935"}],"curies":[{"name":"wp","href":"https:\/\/api.w.org\/{rel}","templated":true}]}}