{"id":102,"date":"2022-05-20T17:10:12","date_gmt":"2022-05-20T15:10:12","guid":{"rendered":"https:\/\/chateau-saint-georges.com\/shop\/?page_id=102"},"modified":"2025-08-12T17:48:38","modified_gmt":"2025-08-12T15:48:38","slug":"homepage","status":"publish","type":"page","link":"https:\/\/chateau-saint-georges.com\/shop\/","title":{"rendered":"Homepage"},"content":{"rendered":"\r\n<div class=\"is-layout-flow wp-block-group alignfull has-text-color\" style=\"color: #000000;\"><div class=\"wp-block-group__inner-container\">\r\n<div class=\"wp-block-cover\"><img decoding=\"async\" loading=\"lazy\" width=\"1440\" height=\"1440\" class=\"wp-block-cover__image-background wp-image-517\" src=\"https:\/\/chateau-saint-georges.com\/shop\/wp-content\/uploads\/2022\/05\/103369740_261655088433103_4467084762676218417_n.jpg\" alt=\"\" data-object-fit=\"cover\" srcset=\"https:\/\/chateau-saint-georges.com\/shop\/wp-content\/uploads\/2022\/05\/103369740_261655088433103_4467084762676218417_n.jpg 1440w, https:\/\/chateau-saint-georges.com\/shop\/wp-content\/uploads\/2022\/05\/103369740_261655088433103_4467084762676218417_n-100x100.jpg 100w, https:\/\/chateau-saint-georges.com\/shop\/wp-content\/uploads\/2022\/05\/103369740_261655088433103_4467084762676218417_n-300x300.jpg 300w, https:\/\/chateau-saint-georges.com\/shop\/wp-content\/uploads\/2022\/05\/103369740_261655088433103_4467084762676218417_n-1024x1024.jpg 1024w, https:\/\/chateau-saint-georges.com\/shop\/wp-content\/uploads\/2022\/05\/103369740_261655088433103_4467084762676218417_n-150x150.jpg 150w, https:\/\/chateau-saint-georges.com\/shop\/wp-content\/uploads\/2022\/05\/103369740_261655088433103_4467084762676218417_n-768x768.jpg 768w\" sizes=\"(max-width: 1440px) 100vw, 1440px\" \/>\r\n<div class=\"wp-block-cover__inner-container\">\r\n<p class=\"has-text-align-center H3_subhead__dark has-text-color has-medium-font-size\" style=\"color: #cdd0d2;\">Ch\u00e2teau Saint-Georges<\/p>\r\n\r\n\r\n\r\n<h2 id=\"schedule-a-visit\" class=\"has-text-align-center has-white-color has-text-color\" style=\"font-size: 59px; line-height: 1.15;\">Bienvenue<\/h2>\r\n\r\n\r\n\r\n<h2 class=\"has-text-align-center has-white-color has-text-color\" style=\"font-size: 59px; line-height: 1.15; text-transform: lowercase;\">sur notre e-boutique<\/h2>\r\n\r\n\r\n\r\n<div class=\"wp-block-spacer\" style=\"height: 89px;\" aria-hidden=\"true\">\u00a0<\/div>\r\n\r\n\r\n\r\n<div class=\"is-horizontal is-content-justification-center is-layout-flex wp-container-1 wp-block-buttons\">\r\n<div class=\"wp-block-button has-custom-width wp-block-button__width-50 has-custom-font-size phone_button is-style-outline has-medium-font-size\"><a class=\"wp-block-button__link has-text-color\" style=\"border-radius: 0px; color: #ffffff;\" href=\"tel:0557746211\">\u260f <strong>(+33) 5 57 74 62 11\u00a0<\/strong><\/a><\/div>\r\n<\/div>\r\n<\/div>\r\n<\/div>\r\n<\/div><\/div>\r\n\r\n\r\n\r\n<div class=\"wp-block-spacer\" style=\"height: 452px;\" aria-hidden=\"true\">\u00a0<\/div>\r\n\r\n\r\n\r\n<div class=\"wp-block-media-text alignwide is-stacked-on-mobile is-vertically-aligned-center is-image-fill groupe_homepage has-white-color has-black-background-color has-text-color has-background\" style=\"grid-template-columns: 55% auto;\">\r\n<figure class=\"wp-block-media-text__media\" style=\"background-image: url('https:\/\/chateau-saint-georges.com\/shop\/wp-content\/uploads\/2022\/05\/CHSTGEORGES_5031-1024x682.jpg'); background-position: 50% 50%;\"><img decoding=\"async\" loading=\"lazy\" width=\"1024\" height=\"682\" class=\"wp-image-31 size-large\" src=\"https:\/\/chateau-saint-georges.com\/shop\/wp-content\/uploads\/2022\/05\/CHSTGEORGES_5031-1024x682.jpg\" alt=\"\" srcset=\"https:\/\/chateau-saint-georges.com\/shop\/wp-content\/uploads\/2022\/05\/CHSTGEORGES_5031-1024x682.jpg 1024w, https:\/\/chateau-saint-georges.com\/shop\/wp-content\/uploads\/2022\/05\/CHSTGEORGES_5031-324x216.jpg 324w, https:\/\/chateau-saint-georges.com\/shop\/wp-content\/uploads\/2022\/05\/CHSTGEORGES_5031-416x277.jpg 416w, https:\/\/chateau-saint-georges.com\/shop\/wp-content\/uploads\/2022\/05\/CHSTGEORGES_5031-300x200.jpg 300w, https:\/\/chateau-saint-georges.com\/shop\/wp-content\/uploads\/2022\/05\/CHSTGEORGES_5031-768x512.jpg 768w, https:\/\/chateau-saint-georges.com\/shop\/wp-content\/uploads\/2022\/05\/CHSTGEORGES_5031.jpg 1184w\" sizes=\"(max-width: 1024px) 100vw, 1024px\" \/><\/figure>\r\n<div class=\"wp-block-media-text__content\">\r\n<div class=\"is-layout-flow wp-block-group\" style=\"padding: 2em;\"><div class=\"wp-block-group__inner-container\">\r\n<p style=\"font-size: 36px; line-height: 1.2;\"><strong>Ch\u00e2teau <br \/>Saint-Georges<\/strong><\/p>\r\n\r\n\r\n\r\n<p>D&rsquo;une tr\u00e8s grande et rare complexit\u00e9<\/p>\r\n\r\n\r\n\r\n<div class=\"is-content-justification-left is-layout-flex wp-container-3 wp-block-buttons\">\r\n<div class=\"wp-block-button has-custom-width wp-block-button__width-100 has-custom-font-size is-style-outline has-small-font-size\"><a class=\"wp-block-button__link\" style=\"border-radius: 0px;\" href=\"https:\/\/chateau-saint-georges.com\/shop\/product-category\/n1_wine\/\">En savoir plus<\/a><\/div>\r\n<\/div>\r\n<\/div><\/div>\r\n<\/div>\r\n<\/div>\r\n\r\n\r\n\r\n<div class=\"wp-block-spacer\" style=\"height: 26px;\" aria-hidden=\"true\">\u00a0<\/div>\r\n\r\n\r\n\r\n\r\n\r\n<div class=\"is-layout-flow wp-block-group groupe_homepage\"><div class=\"wp-block-group__inner-container\">\r\n<div class=\"is-layout-flow wp-block-group\"><div class=\"wp-block-group__inner-container\">\r\n<div class=\"wp-block-spacer\" style=\"height: 51px;\" aria-hidden=\"true\">\u00a0<\/div>\r\n\r\n\r\n\r\n<h2 class=\"has-text-align-center\"><strong>Notre catalogue : <\/strong><\/h2>\r\n<\/div><\/div>\r\n\r\n\r\n<hr class=\"wp-block-separator has-css-opacity\" \/>\r\n\r\n\r\n<div class=\"wp-block-spacer\" style=\"height: 36px;\" aria-hidden=\"true\">\u00a0<\/div>\r\n\r\n\r\n\r\n<div class=\"is-layout-flex wp-container-10 wp-block-columns\">\r\n<div class=\"is-layout-flow wp-block-column\"><div data-block-name=\"woocommerce\/featured-category\" data-edit-mode=\"false\" data-focal-point=\"{&quot;x&quot;:&quot;0.32&quot;,&quot;y&quot;:&quot;0.57&quot;}\" data-image-fit=\"cover\" data-category-id=\"31\" data-show-desc=\"false\" class=\"wc-block-featured-category alignnone has-background-dim wp-block-woocommerce-featured-category\" style=\"min-height:500px;\"><div class=\"wc-block-featured-category__wrapper\"><div class=\"background-dim__overlay\" style=\"background-color: #000000\"><\/div><img decoding=\"async\" alt=\"Ch\u00e2teau Saint-Georges\" class=\"wc-block-featured-category__background-image\" src=\"https:\/\/chateau-saint-georges.com\/shop\/wp-content\/uploads\/2022\/05\/CHSTGEORGES_5031-1024x682.jpg\" style=\"object-fit: cover;object-position: 32% 57%;\" \/><h2 class=\"wc-block-featured-category__title\">Ch\u00e2teau Saint-Georges<\/h2><div class=\"wc-block-featured-category__link\">\r\n\r\n\r\n<div class=\"is-content-justification-center is-layout-flex wp-container-6 wp-block-buttons\">\r\n<div class=\"wp-block-button\"><a class=\"wp-block-button__link\" href=\"https:\/\/chateau-saint-georges.com\/shop\/product-category\/n1_wine\/\">D\u00e9couvrir<\/a><\/div>\r\n<\/div>\r\n<\/div><\/div><\/div><\/div>\r\n\r\n\r\n<!-- to edit -->\r\n\r\n\r\n\r\n<div class=\"is-layout-flow wp-block-column\"><div data-block-name=\"woocommerce\/featured-category\" data-edit-mode=\"false\" data-image-fit=\"cover\" data-category-id=\"45\" data-show-desc=\"false\" class=\"wc-block-featured-category alignnone has-background-dim wp-block-woocommerce-featured-category\" style=\"min-height:500px;\"><div class=\"wc-block-featured-category__wrapper\"><div class=\"background-dim__overlay\" style=\"background-color: #000000\"><\/div><img decoding=\"async\" alt=\"Offres sp\u00e9ciales\" class=\"wc-block-featured-category__background-image\" src=\"https:\/\/chateau-saint-georges.com\/shop\/wp-content\/uploads\/2022\/06\/dan-cristian-padure-LDMgqr8z7ZE-unsplash-1024x698.jpg\" style=\"object-fit: cover;object-position: 50% 50%;\" \/><h2 class=\"wc-block-featured-category__title\">Offres sp\u00e9ciales<\/h2><div class=\"wc-block-featured-category__link\">\r\n\r\n\r\n<div class=\"is-content-justification-center is-layout-flex wp-container-8 wp-block-buttons\">\r\n<div class=\"wp-block-button\"><a class=\"wp-block-button__link\" href=\"https:\/\/chateau-saint-georges.com\/shop\/product-category\/special_offer\/\">D\u00e9couvrir<\/a><\/div>\r\n<\/div>\r\n<\/div><\/div><\/div><\/div>\r\n<\/div>\r\n<\/div><\/div>\r\n\r\n\r\n\r\n<div class=\"wp-block-spacer\" style=\"height: 51px;\" aria-hidden=\"true\">\u00a0<\/div>\r\n\r\n\r\n\r\n<div class=\"is-layout-flow wp-block-group groupe_homepage\"><div class=\"wp-block-group__inner-container\">\r\n<h2 class=\"has-text-align-center\"><strong>Notre selection : <\/strong><\/h2>\r\n\r\n\r\n<hr class=\"wp-block-separator has-alpha-channel-opacity\" \/><\/div><\/div>\r\n\r\n\r\n\r\n<div class=\"wp-block-spacer\" style=\"height: 53px;\" aria-hidden=\"true\">\u00a0<\/div>\r\n\r\n\r\n<div data-block-name=\"woocommerce\/product-category\" data-rows=\"1\" data-align-buttons=\"true\" data-categories=\"[31,32]\" data-stock-status=\"[&quot;&quot;,&quot;&quot;,&quot;&quot;,&quot;&quot;,&quot;instock&quot;,&quot;onbackorder&quot;,&quot;outofstock&quot;]\" data-orderby=\"menu_order\" class=\"wc-block-grid wp-block-product-category wc-block-product-category has-3-columns has-aligned-buttons groupe_homepage\"><ul class=\"wc-block-grid__products\"><li class=\"wc-block-grid__product\">\n\t\t\t\t<a href=\"https:\/\/chateau-saint-georges.com\/shop\/product\/chateau-saint-georges-millesime-2014\/\" class=\"wc-block-grid__product-link\">\n\t\t\t\t\t<div class=\"wc-block-grid__product-image\"><img width=\"1782\" height=\"2560\" src=\"https:\/\/chateau-saint-georges.com\/shop\/wp-content\/uploads\/2022\/05\/St-Georges-2014-scaled.jpg\" class=\"attachment-woocommerce_thumbnail size-woocommerce_thumbnail\" alt=\"Ch\u00e2teau Saint-Georges Mill\u00e9sime 2014\" decoding=\"async\" loading=\"lazy\" srcset=\"https:\/\/chateau-saint-georges.com\/shop\/wp-content\/uploads\/2022\/05\/St-Georges-2014-scaled.jpg 1782w, https:\/\/chateau-saint-georges.com\/shop\/wp-content\/uploads\/2022\/05\/St-Georges-2014-209x300.jpg 209w, https:\/\/chateau-saint-georges.com\/shop\/wp-content\/uploads\/2022\/05\/St-Georges-2014-713x1024.jpg 713w, https:\/\/chateau-saint-georges.com\/shop\/wp-content\/uploads\/2022\/05\/St-Georges-2014-768x1103.jpg 768w, https:\/\/chateau-saint-georges.com\/shop\/wp-content\/uploads\/2022\/05\/St-Georges-2014-1069x1536.jpg 1069w, https:\/\/chateau-saint-georges.com\/shop\/wp-content\/uploads\/2022\/05\/St-Georges-2014-1425x2048.jpg 1425w\" sizes=\"(max-width: 1782px) 100vw, 1782px\" \/><\/div>\n\t\t\t\t\t<div class=\"wc-block-grid__product-title\">Ch\u00e2teau Saint-Georges Mill\u00e9sime 2014<\/div>\n\t\t\t\t<\/a>\n\t\t\t\t\n\t\t\t\t<div class=\"wc-block-grid__product-price price\"><span class=\"woocommerce-Price-amount amount\">210,00&nbsp;<span class=\"woocommerce-Price-currencySymbol\">&euro;<\/span><\/span> \u2013 <span class=\"woocommerce-Price-amount amount\">405,00&nbsp;<span class=\"woocommerce-Price-currencySymbol\">&euro;<\/span><\/span><\/div>\n\t\t\t\t\n\t\t\t\t<div class=\"wp-block-button wc-block-grid__product-add-to-cart\"><a href=\"https:\/\/chateau-saint-georges.com\/shop\/product\/chateau-saint-georges-millesime-2014\/\" aria-label=\"S\u00e9lectionner les options pour &ldquo;Ch\u00e2teau Saint-Georges Mill\u00e9sime 2014&rdquo;\" data-quantity=\"1\" data-product_id=\"662\" data-product_sku=\"ch-st-georges-2014\" rel=\"nofollow\" class=\"wp-block-button__link wp-element-button add_to_cart_button\">Choix des options<\/a><\/div>\n\t\t\t<\/li><li class=\"wc-block-grid__product\">\n\t\t\t\t<a href=\"https:\/\/chateau-saint-georges.com\/shop\/product\/chateau-saint-georges-millesime-2015\/\" class=\"wc-block-grid__product-link\">\n\t\t\t\t\t<div class=\"wc-block-grid__product-image\"><img width=\"1782\" height=\"2560\" src=\"https:\/\/chateau-saint-georges.com\/shop\/wp-content\/uploads\/2022\/05\/St-Georges-2015-scaled.jpg\" class=\"attachment-woocommerce_thumbnail size-woocommerce_thumbnail\" alt=\"Ch\u00e2teau Saint-Georges Mill\u00e9sime 2015\" decoding=\"async\" loading=\"lazy\" srcset=\"https:\/\/chateau-saint-georges.com\/shop\/wp-content\/uploads\/2022\/05\/St-Georges-2015-scaled.jpg 1782w, https:\/\/chateau-saint-georges.com\/shop\/wp-content\/uploads\/2022\/05\/St-Georges-2015-209x300.jpg 209w, https:\/\/chateau-saint-georges.com\/shop\/wp-content\/uploads\/2022\/05\/St-Georges-2015-713x1024.jpg 713w, https:\/\/chateau-saint-georges.com\/shop\/wp-content\/uploads\/2022\/05\/St-Georges-2015-768x1103.jpg 768w, https:\/\/chateau-saint-georges.com\/shop\/wp-content\/uploads\/2022\/05\/St-Georges-2015-1069x1536.jpg 1069w, https:\/\/chateau-saint-georges.com\/shop\/wp-content\/uploads\/2022\/05\/St-Georges-2015-1425x2048.jpg 1425w\" sizes=\"(max-width: 1782px) 100vw, 1782px\" \/><\/div>\n\t\t\t\t\t<div class=\"wc-block-grid__product-title\">Ch\u00e2teau Saint-Georges Mill\u00e9sime 2015<\/div>\n\t\t\t\t<\/a>\n\t\t\t\t\n\t\t\t\t<div class=\"wc-block-grid__product-price price\"><span class=\"woocommerce-Price-amount amount\">198,00&nbsp;<span class=\"woocommerce-Price-currencySymbol\">&euro;<\/span><\/span> \u2013 <span class=\"woocommerce-Price-amount amount\">381,00&nbsp;<span class=\"woocommerce-Price-currencySymbol\">&euro;<\/span><\/span><\/div>\n\t\t\t\t\n\t\t\t\t<div class=\"wp-block-button wc-block-grid__product-add-to-cart\"><a href=\"https:\/\/chateau-saint-georges.com\/shop\/product\/chateau-saint-georges-millesime-2015\/\" aria-label=\"S\u00e9lectionner les options pour &ldquo;Ch\u00e2teau Saint-Georges Mill\u00e9sime 2015&rdquo;\" data-quantity=\"1\" data-product_id=\"657\" data-product_sku=\"ch-st-georges-2015\" rel=\"nofollow\" class=\"wp-block-button__link wp-element-button add_to_cart_button\">Choix des options<\/a><\/div>\n\t\t\t<\/li><li class=\"wc-block-grid__product\">\n\t\t\t\t<a href=\"https:\/\/chateau-saint-georges.com\/shop\/product\/chateau-saint-georges-millesime-2016\/\" class=\"wc-block-grid__product-link\">\n\t\t\t\t\t<div class=\"wc-block-grid__product-image\"><img width=\"1782\" height=\"2560\" src=\"https:\/\/chateau-saint-georges.com\/shop\/wp-content\/uploads\/2022\/05\/St-Georges-2016_modif-scaled.jpg\" class=\"attachment-woocommerce_thumbnail size-woocommerce_thumbnail\" alt=\"Ch\u00e2teau Saint-Georges Mill\u00e9sime 2016\" decoding=\"async\" loading=\"lazy\" srcset=\"https:\/\/chateau-saint-georges.com\/shop\/wp-content\/uploads\/2022\/05\/St-Georges-2016_modif-scaled.jpg 1782w, https:\/\/chateau-saint-georges.com\/shop\/wp-content\/uploads\/2022\/05\/St-Georges-2016_modif-209x300.jpg 209w, https:\/\/chateau-saint-georges.com\/shop\/wp-content\/uploads\/2022\/05\/St-Georges-2016_modif-713x1024.jpg 713w, https:\/\/chateau-saint-georges.com\/shop\/wp-content\/uploads\/2022\/05\/St-Georges-2016_modif-768x1103.jpg 768w, https:\/\/chateau-saint-georges.com\/shop\/wp-content\/uploads\/2022\/05\/St-Georges-2016_modif-1069x1536.jpg 1069w, https:\/\/chateau-saint-georges.com\/shop\/wp-content\/uploads\/2022\/05\/St-Georges-2016_modif-1425x2048.jpg 1425w\" sizes=\"(max-width: 1782px) 100vw, 1782px\" \/><\/div>\n\t\t\t\t\t<div class=\"wc-block-grid__product-title\">Ch\u00e2teau Saint-Georges Mill\u00e9sime 2016<\/div>\n\t\t\t\t<\/a>\n\t\t\t\t\n\t\t\t\t<div class=\"wc-block-grid__product-price price\"><span class=\"woocommerce-Price-amount amount\">186,00&nbsp;<span class=\"woocommerce-Price-currencySymbol\">&euro;<\/span><\/span> \u2013 <span class=\"woocommerce-Price-amount amount\">192,00&nbsp;<span class=\"woocommerce-Price-currencySymbol\">&euro;<\/span><\/span><\/div>\n\t\t\t\t\n\t\t\t\t<div class=\"wp-block-button wc-block-grid__product-add-to-cart\"><a href=\"https:\/\/chateau-saint-georges.com\/shop\/product\/chateau-saint-georges-millesime-2016\/\" aria-label=\"S\u00e9lectionner les options pour &ldquo;Ch\u00e2teau Saint-Georges Mill\u00e9sime 2016&rdquo;\" data-quantity=\"1\" data-product_id=\"651\" data-product_sku=\"ch-st-georges-2016\" rel=\"nofollow\" class=\"wp-block-button__link wp-element-button add_to_cart_button\">Choix des options<\/a><\/div>\n\t\t\t<\/li><\/ul><\/div>","protected":false},"excerpt":{"rendered":"<p>Notre catalogue : Notre selection :<\/p>\n","protected":false},"author":1,"featured_media":0,"parent":0,"menu_order":0,"comment_status":"closed","ping_status":"closed","template":"","meta":{"_expiration-date-status":"","_expiration-date":0,"_expiration-date-type":"","_expiration-date-categories":[],"_expiration-date-options":[]},"_links":{"self":[{"href":"https:\/\/chateau-saint-georges.com\/shop\/wp-json\/wp\/v2\/pages\/102"}],"collection":[{"href":"https:\/\/chateau-saint-georges.com\/shop\/wp-json\/wp\/v2\/pages"}],"about":[{"href":"https:\/\/chateau-saint-georges.com\/shop\/wp-json\/wp\/v2\/types\/page"}],"author":[{"embeddable":true,"href":"https:\/\/chateau-saint-georges.com\/shop\/wp-json\/wp\/v2\/users\/1"}],"replies":[{"embeddable":true,"href":"https:\/\/chateau-saint-georges.com\/shop\/wp-json\/wp\/v2\/comments?post=102"}],"version-history":[{"count":112,"href":"https:\/\/chateau-saint-georges.com\/shop\/wp-json\/wp\/v2\/pages\/102\/revisions"}],"predecessor-version":[{"id":4300,"href":"https:\/\/chateau-saint-georges.com\/shop\/wp-json\/wp\/v2\/pages\/102\/revisions\/4300"}],"wp:attachment":[{"href":"https:\/\/chateau-saint-georges.com\/shop\/wp-json\/wp\/v2\/media?parent=102"}],"curies":[{"name":"wp","href":"https:\/\/api.w.org\/{rel}","templated":true}]}}