{"id":4032,"date":"2025-04-10T16:04:49","date_gmt":"2025-04-10T14:04:49","guid":{"rendered":"https:\/\/chateau-saint-georges.com\/shop\/?post_type=product&#038;p=4032"},"modified":"2025-04-11T10:56:36","modified_gmt":"2025-04-11T08:56:36","slug":"chateau-saint-georges-millesime-2023","status":"publish","type":"product","link":"https:\/\/chateau-saint-georges.com\/shop\/en\/product\/chateau-saint-georges-millesime-2023\/","title":{"rendered":"Ch\u00e2teau Saint-Georges &#8211; Mill\u00e9sime 2023"},"content":{"rendered":"<div class=\"is-layout-flex wp-container-4 wp-block-columns groupe_homepage\">\r\n<div class=\"is-layout-flow wp-block-column\">\r\n<p class=\"wp-block-image size-large\"><img decoding=\"async\" loading=\"lazy\" width=\"683\" height=\"1024\" class=\"wp-image-751\" src=\"https:\/\/chateau-saint-georges.com\/shop\/wp-content\/uploads\/2022\/06\/saman-taheri-ZdhWsUoQzCk-unsplash-683x1024.jpg\" alt=\"\" srcset=\"https:\/\/chateau-saint-georges.com\/shop\/wp-content\/uploads\/2022\/06\/saman-taheri-ZdhWsUoQzCk-unsplash-683x1024.jpg 683w, https:\/\/chateau-saint-georges.com\/shop\/wp-content\/uploads\/2022\/06\/saman-taheri-ZdhWsUoQzCk-unsplash-200x300.jpg 200w, https:\/\/chateau-saint-georges.com\/shop\/wp-content\/uploads\/2022\/06\/saman-taheri-ZdhWsUoQzCk-unsplash-768x1151.jpg 768w, https:\/\/chateau-saint-georges.com\/shop\/wp-content\/uploads\/2022\/06\/saman-taheri-ZdhWsUoQzCk-unsplash-1025x1536.jpg 1025w, https:\/\/chateau-saint-georges.com\/shop\/wp-content\/uploads\/2022\/06\/saman-taheri-ZdhWsUoQzCk-unsplash-1367x2048.jpg 1367w, https:\/\/chateau-saint-georges.com\/shop\/wp-content\/uploads\/2022\/06\/saman-taheri-ZdhWsUoQzCk-unsplash-8x12.jpg 8w, https:\/\/chateau-saint-georges.com\/shop\/wp-content\/uploads\/2022\/06\/saman-taheri-ZdhWsUoQzCk-unsplash-scaled.jpg 1709w\" sizes=\"(max-width: 683px) 100vw, 683px\" \/><\/p>\r\n<p><\/p>\r\n<\/div>\r\n<p>\r\n\r\n<\/p>\r\n<div class=\"is-layout-flow wp-block-column\">\r\n<p>\r\n\r\n<\/p>\r\n<p style=\"font-style: normal;font-weight: 100\">Le mill\u00e9sime 2023 promet un vin riche et \u00e9quilibr\u00e9 avec une belle acidit\u00e9 assurant<br \/>un joli potentiel de garde. Le Ch\u00e2teau St-Georges 2023 offre d\u00e8s \u00e0 pr\u00e9sent des ar\u00f4mes de fruits noirs, d\u2019\u00e9pices et<br \/>une belle profondeur. Ce mill\u00e9sime se goute d\u2019ores et d\u00e9j\u00e0 et s\u2019av\u00e8re tr\u00e8s prometteur, avec un bon potentiel de vieillissement.<\/p>\r\n\r\n\r\n\r\n<h2>Tasting comment<\/h2>\r\n\r\n\r\n\r\n\r\n<hr class=\"wp-block-separator has-text-color has-vivid-red-color has-alpha-channel-opacity has-vivid-red-background-color has-background small_separator is-style-wide\" \/>\r\n\r\n\r\n<p>LE CH\u00c2TEAU SAINT-GEORGES MILL\u00c9SIME 2023 OFFRE UNE BELLE PR\u00c9SENTATION.<br \/>LA ROBE est sombre, d\u2019un beau rouge grenat avec un liser\u00e9 violine.<br \/>LE NEZ est riche et concentr\u00e9. Il d\u00e9gage des notes de fruits noirs et des parfums \u00e9pic\u00e9s compl\u00e9t\u00e9s par des notes balsamiques et finement bois\u00e9es.<br \/>LA BOUCHE du 2023 est ample et puissante tout en restant agr\u00e9ablement sucr\u00e9e et velout\u00e9e.<br \/>Les tanins sont gras et bien pr\u00e9sents. LA FINALE est longue, fraiche et \u00e9l\u00e9gante.<br \/>EN CONCLUSION, ce vin est un mill\u00e9sime qui s\u2019annonce riche et \u00e9quilibr\u00e9 avec un tr\u00e8s beau potentiel de garde.<br \/>D\u00e9gustation r\u00e9alis\u00e9e dans notre chai.<\/p>\r\n\r\n\r\n\r\n\r\n<\/div>\r\n<\/div>\r\n\r\n\r\n\r\n<div class=\"is-layout-flex wp-container-7 wp-block-columns groupe_homepage\">\r\n<div class=\"is-layout-flow wp-block-column\">\r\n<div class=\"wp-block-spacer\" style=\"height: 41px\" aria-hidden=\"true\">\u00a0<\/div>\r\n\r\n\r\n\r\n<h3 style=\"font-style: normal;font-weight: 100\">Accord mets &amp; vins<\/h3>\r\n\r\n\r\n\r\n<h2>Our Suggestions<\/h2>\r\n\r\n\r\n\r\n<div class=\"wp-block-spacer\" style=\"height: 41px\" aria-hidden=\"true\">\u00a0<\/div>\r\n\r\n\r\n<hr class=\"wp-block-separator has-text-color has-vivid-red-color has-alpha-channel-opacity has-vivid-red-background-color has-background small_separator is-style-wide\" \/>\r\n\r\n\r\n<div class=\"wp-block-spacer\" style=\"height: 41px\" aria-hidden=\"true\">\u00a0<\/div>\r\n\r\n\r\n\r\n<p>Il accompagnera \u00e0 merveille une volaille farcie aux champignons, des ris de veau au jus truff\u00e9, fromages faits, terrine de li\u00e8vre.<\/p>\r\n\r\n\r\n<\/div>\r\n\r\n\r\n\r\n<div class=\"is-layout-flow wp-block-column\">\r\n<figure class=\"wp-block-image size-large\"><img decoding=\"async\" loading=\"lazy\" class=\"alignleft wp-image-4040\" src=\"https:\/\/chateau-saint-georges.com\/shop\/wp-content\/uploads\/2025\/04\/VOLAILLE-CHAMPIGNONS.jpg\" alt=\"\" width=\"775\" height=\"527\" srcset=\"https:\/\/chateau-saint-georges.com\/shop\/wp-content\/uploads\/2025\/04\/VOLAILLE-CHAMPIGNONS.jpg 395w, https:\/\/chateau-saint-georges.com\/shop\/wp-content\/uploads\/2025\/04\/VOLAILLE-CHAMPIGNONS-300x204.jpg 300w, https:\/\/chateau-saint-georges.com\/shop\/wp-content\/uploads\/2025\/04\/VOLAILLE-CHAMPIGNONS-18x12.jpg 18w\" sizes=\"(max-width: 775px) 100vw, 775px\" \/><\/figure>\r\n<\/div>\r\n<\/div>","protected":false},"excerpt":{"rendered":"<p>Un mill\u00e9sime riche, complexe et \u00e9quilibr\u00e9. Sa longueur en bouche exceptionnelle laisse pr\u00e9sager un tr\u00e8s grand potentiel de garde.<\/p>","protected":false},"featured_media":4042,"comment_status":"open","ping_status":"closed","template":"","meta":{"_expiration-date-status":"","_expiration-date":0,"_expiration-date-type":"","_expiration-date-categories":[],"_expiration-date-options":[]},"product_cat":[238,31],"product_tag":[42,44,40,34],"_links":{"self":[{"href":"https:\/\/chateau-saint-georges.com\/shop\/en\/wp-json\/wp\/v2\/product\/4032"}],"collection":[{"href":"https:\/\/chateau-saint-georges.com\/shop\/en\/wp-json\/wp\/v2\/product"}],"about":[{"href":"https:\/\/chateau-saint-georges.com\/shop\/en\/wp-json\/wp\/v2\/types\/product"}],"replies":[{"embeddable":true,"href":"https:\/\/chateau-saint-georges.com\/shop\/en\/wp-json\/wp\/v2\/comments?post=4032"}],"wp:featuredmedia":[{"embeddable":true,"href":"https:\/\/chateau-saint-georges.com\/shop\/en\/wp-json\/wp\/v2\/media\/4042"}],"wp:attachment":[{"href":"https:\/\/chateau-saint-georges.com\/shop\/en\/wp-json\/wp\/v2\/media?parent=4032"}],"wp:term":[{"taxonomy":"product_cat","embeddable":true,"href":"https:\/\/chateau-saint-georges.com\/shop\/en\/wp-json\/wp\/v2\/product_cat?post=4032"},{"taxonomy":"product_tag","embeddable":true,"href":"https:\/\/chateau-saint-georges.com\/shop\/en\/wp-json\/wp\/v2\/product_tag?post=4032"}],"curies":[{"name":"wp","href":"https:\/\/api.w.org\/{rel}","templated":true}]}}