{"id":1648,"date":"2023-05-23T14:38:57","date_gmt":"2023-05-23T12:38:57","guid":{"rendered":"https:\/\/chateau-saint-georges.com\/shop\/?post_type=product&#038;p=1648"},"modified":"2026-03-09T16:37:27","modified_gmt":"2026-03-09T15:37:27","slug":"chateau-saint-georges-millesime-2021","status":"publish","type":"product","link":"https:\/\/chateau-saint-georges.com\/shop\/en\/product\/chateau-saint-georges-millesime-2021\/","title":{"rendered":"Ch\u00e2teau Saint-Georges Mill\u00e9sime 2021"},"content":{"rendered":"<div class=\"is-layout-flex wp-container-4 wp-block-columns groupe_homepage\">\r\n<div class=\"is-layout-flow wp-block-column\">\r\n<figure class=\"wp-block-image size-full\"><img decoding=\"async\" loading=\"lazy\" width=\"500\" height=\"750\" class=\"wp-image-1656\" src=\"https:\/\/chateau-saint-georges.com\/shop\/wp-content\/uploads\/2023\/05\/pexels-photo-2440524.webp\" alt=\"\" srcset=\"https:\/\/chateau-saint-georges.com\/shop\/wp-content\/uploads\/2023\/05\/pexels-photo-2440524.webp 500w, https:\/\/chateau-saint-georges.com\/shop\/wp-content\/uploads\/2023\/05\/pexels-photo-2440524-200x300.webp 200w, https:\/\/chateau-saint-georges.com\/shop\/wp-content\/uploads\/2023\/05\/pexels-photo-2440524-8x12.webp 8w\" sizes=\"(max-width: 500px) 100vw, 500px\" \/><\/figure>\r\n<\/div>\r\n\r\n\r\n\r\n<div class=\"is-layout-flow wp-block-column\">\r\n<div class=\"wp-block-spacer\" style=\"height: 41px\" aria-hidden=\"true\">\u00a0<\/div>\r\n\r\n\r\n\r\n<h3 style=\"font-style: normal;font-weight: 100\">Toute l&rsquo;\u00e2me de Saint-Georges!<\/h3>\r\n\r\n\r\n\r\n<h2>Tasting comment<\/h2>\r\n\r\n\r\n\r\n<div class=\"wp-block-spacer\" style=\"height: 41px\" aria-hidden=\"true\">\u00a0<\/div>\r\n\r\n\r\n<hr class=\"wp-block-separator has-text-color has-vivid-red-color has-alpha-channel-opacity has-vivid-red-background-color has-background small_separator is-style-wide\" \/>\r\n\r\n\r\n<div class=\"wp-block-spacer\" style=\"height: 47px\" aria-hidden=\"true\">\u00a0<\/div>\r\n\r\n\r\n\r\n<p>C&rsquo;est un retour aux sources avec un vin tout en \u00e9quilibre. Il est taill\u00e9 pour la garde au vu de sa prime vivacit\u00e9. Tr\u00e8s belle pr\u00e9sentation.<\/p>\r\n\r\n\r\n\r\n<p>La robe est d\u2019un rouge grenat tr\u00e8s prononc\u00e9 au<br \/>fin liser\u00e9 violet. Belle pr\u00e9sentation de ce nouveau<br \/>mill\u00e9sime.<br \/>Le nez est frais, floral et pr\u00e9sente de belles notes<br \/>de petits fruits rouges et d\u2019ar\u00f4mes finement bois\u00e9s.<br \/>La bouche est douce et offre une belle rondeur.<br \/>Suave, on profite de tannins croquants tr\u00e8s<br \/>\u00e9l\u00e9gants.<br \/>La finale est fraiche et \u00e9pic\u00e9e.<br \/><br \/>En conclusion, ce nouveau Ch\u00e2teau<br \/>Saint-Georges 2021 est un vin complexe et<br \/>\u00e9l\u00e9gant, un tr\u00e8s joli vin de plaisir.<\/p>\r\n\r\n\r\n\r\n<p>Un vin s\u00e9rieux qui m\u00e9rite une belle garde!<\/p>\r\n\r\n\r\n\r\n<div class=\"wp-block-spacer\" style=\"height: 21px\" aria-hidden=\"true\">\u00a0<\/div>\r\n\r\n\r\n\r\n<div class=\"is-layout-flex wp-block-buttons\">\r\n<div class=\"wp-block-button aligncenter has-custom-width wp-block-button__width-25 has-custom-font-size is-style-fill has-small-font-size\"><a class=\"wp-block-button__link has-white-color has-black-background-color has-text-color has-background wp-element-button\" style=\"border-radius: 0px\" href=\"https:\/\/chateau-saint-georges.com\/shop\/wp-content\/uploads\/2023\/05\/fiche_de_cave_2020_recto.png\">Download the cellar sheet \u2193<\/a><\/div>\r\n<\/div>\r\n<\/div>\r\n<\/div>\r\n\r\n\r\n\r\n<div class=\"is-layout-flex wp-container-7 wp-block-columns groupe_homepage\">\r\n<div class=\"is-layout-flow wp-block-column\">\r\n<div class=\"wp-block-spacer\" style=\"height: 41px\" aria-hidden=\"true\">\u00a0<\/div>\r\n\r\n\r\n\r\n<h3 style=\"font-style: normal;font-weight: 100\">Accord mets &amp; vins<\/h3>\r\n\r\n\r\n\r\n<h2>Our Suggestions<\/h2>\r\n\r\n\r\n\r\n<div class=\"wp-block-spacer\" style=\"height: 41px\" aria-hidden=\"true\">\u00a0<\/div>\r\n\r\n\r\n<hr class=\"wp-block-separator has-text-color has-vivid-red-color has-alpha-channel-opacity has-vivid-red-background-color has-background small_separator is-style-wide\" \/>\r\n\r\n\r\n<div class=\"wp-block-spacer\" style=\"height: 41px\" aria-hidden=\"true\">\u00a0<\/div>\r\n\r\n\r\n\r\n<p>Fromages frais, estouffade de sanglier, saut\u00e9 d&rsquo;agneau, entrec\u00f4te \u00e0 la bordelaise.<\/p>\r\n\r\n\r\n\r\n<p>&nbsp;<\/p>\r\n<\/div>\r\n\r\n\r\n\r\n<div class=\"is-layout-flow wp-block-column\">\r\n<figure class=\"wp-block-image size-large\"><img decoding=\"async\" loading=\"lazy\" width=\"1024\" height=\"683\" class=\"wp-image-1660\" src=\"https:\/\/chateau-saint-georges.com\/shop\/wp-content\/uploads\/2023\/05\/pexels-photo-8477294-1024x683.jpeg\" alt=\"\" srcset=\"https:\/\/chateau-saint-georges.com\/shop\/wp-content\/uploads\/2023\/05\/pexels-photo-8477294-1024x683.jpeg 1024w, https:\/\/chateau-saint-georges.com\/shop\/wp-content\/uploads\/2023\/05\/pexels-photo-8477294-300x200.jpeg 300w, https:\/\/chateau-saint-georges.com\/shop\/wp-content\/uploads\/2023\/05\/pexels-photo-8477294-768x512.jpeg 768w, https:\/\/chateau-saint-georges.com\/shop\/wp-content\/uploads\/2023\/05\/pexels-photo-8477294-18x12.jpeg 18w, https:\/\/chateau-saint-georges.com\/shop\/wp-content\/uploads\/2023\/05\/pexels-photo-8477294.jpeg 1124w\" sizes=\"(max-width: 1024px) 100vw, 1024px\" \/><\/figure>\r\n<\/div>\r\n<\/div>","protected":false},"excerpt":{"rendered":"<p>A masterful vintage, it is a rich wine due to a very sunny summer with medium-long barrel toasting. Its ideal balance between sugar and acidity allows it to be tasted with pleasure in its youth and offers the guarantee of a very long future in the cellar.<\/p>","protected":false},"featured_media":1433,"comment_status":"open","ping_status":"closed","template":"","meta":{"_expiration-date-status":"","_expiration-date":0,"_expiration-date-type":"","_expiration-date-categories":[],"_expiration-date-options":[]},"product_cat":[189,31],"product_tag":[42,44,40,34],"_links":{"self":[{"href":"https:\/\/chateau-saint-georges.com\/shop\/en\/wp-json\/wp\/v2\/product\/1648"}],"collection":[{"href":"https:\/\/chateau-saint-georges.com\/shop\/en\/wp-json\/wp\/v2\/product"}],"about":[{"href":"https:\/\/chateau-saint-georges.com\/shop\/en\/wp-json\/wp\/v2\/types\/product"}],"replies":[{"embeddable":true,"href":"https:\/\/chateau-saint-georges.com\/shop\/en\/wp-json\/wp\/v2\/comments?post=1648"}],"wp:featuredmedia":[{"embeddable":true,"href":"https:\/\/chateau-saint-georges.com\/shop\/en\/wp-json\/wp\/v2\/media\/1433"}],"wp:attachment":[{"href":"https:\/\/chateau-saint-georges.com\/shop\/en\/wp-json\/wp\/v2\/media?parent=1648"}],"wp:term":[{"taxonomy":"product_cat","embeddable":true,"href":"https:\/\/chateau-saint-georges.com\/shop\/en\/wp-json\/wp\/v2\/product_cat?post=1648"},{"taxonomy":"product_tag","embeddable":true,"href":"https:\/\/chateau-saint-georges.com\/shop\/en\/wp-json\/wp\/v2\/product_tag?post=1648"}],"curies":[{"name":"wp","href":"https:\/\/api.w.org\/{rel}","templated":true}]}}