{"id":3,"date":"2022-05-20T15:22:27","date_gmt":"2022-05-20T13:22:27","guid":{"rendered":"https:\/\/chateau-saint-georges.com\/shop\/?page_id=3"},"modified":"2022-12-23T12:29:55","modified_gmt":"2022-12-23T11:29:55","slug":"politique-de-confidentialite","status":"publish","type":"page","link":"https:\/\/chateau-saint-georges.com\/shop\/en\/politique-de-confidentialite\/","title":{"rendered":"Privacy Policy"},"content":{"rendered":"<p><strong>QUI SOMMES-NOUS ?<\/strong><\/p>\n\n\n\n<p>Nom de l\u2019entit\u00e9\u00a0: Ch\u00e2teau Saint-Georges Forme juridique : SCEA<br>N\u00b0 RCS Libourne : 314 492 695<br>Montant du capital social : 15\u00a0244,90 \u20ac\u00a0<\/p>\n\n\n\n<p>Nom du g\u00e9rant : JANOUEIX Jean-Philippe Adresse postale : Ch\u00e2teau Saint-Georges<\/p>\n\n\n\n<p>5 route de Saint-Emilion<br>33570 MONTAGNE<br>T\u00e9l : 05 57 74 79 70<br>Adresse mail :\u00a0contact@chateau-saint-georges.com\u00a0<\/p>\n\n\n\n<p>Site web :\u00a0https:\/\/chateau-saint-georges.com<\/p>\n\n\n\n<p><\/p>\n\n\n\n<p><strong>PRESTATAIRE HEBERGEUR<\/strong><\/p>\n\n\n\n<p>OVH-Cloud <\/p>\n\n\n\n<p>SAS au capital de 10 174 560 \u20ac<\/p>\n\n\n\n<p>RCS Lille M\u00e9tropole 424 761 419 00045<br>Code APE 2620Z<br>N\u00b0 TVA : FR 22 424 761 419<br>Si\u00e8ge social : 2 rue Kellermann &#8211; 59100 Roubaix &#8211; France<\/p>\n\n\n\n<p>Pr\u00e9sident : Michel Paulin<\/p>\n\n\n\n<p>OVH SAS est une filiale de la soci\u00e9t\u00e9 OVH Groupe SA, soci\u00e9t\u00e9 immatricul\u00e9e au RCS de Lille sous le num\u00e9ro 537 407 926 sise 2, rue Kellermann, 59100 Roubaix.<\/p>\n\n\n\n<p><\/p>\n\n\n\n<p><strong>COMMENTAIRES<\/strong><\/p>\n\n\n\n<p>Quand vous laissez un commentaire sur notre site, les donn\u00e9es inscrites dans le formulaire de\u00a0commentaire, ainsi que votre adresse IP et l\u2019agent utilisateur de votre navigateur sont collect\u00e9s pour nous aider \u00e0 la d\u00e9tection des commentaires ind\u00e9sirables.<br>Une cha\u00eene anonymis\u00e9e cr\u00e9\u00e9e \u00e0 partir de votre adresse e-mail (\u00e9galement appel\u00e9e hash) peut \u00eatre envoy\u00e9e au service Gravatar pour v\u00e9rifier si vous utilisez ce dernier. Les clauses de confidentialit\u00e9 du service Gravatar sont disponibles ici : https:\/\/automattic.com\/privacy\/. Apr\u00e8s validation de votre commentaire, votre photo de profil sera visible publiquement \u00e0 cot\u00e9 de votre commentaire.<\/p>\n\n\n\n<p><\/p>\n\n\n\n<p><strong>COOKIES<\/strong><\/p>\n\n\n\n<p>Si vous d\u00e9posez un commentaire sur notre site, il vous sera propos\u00e9 d\u2019enregistrer votre nom, adresse&nbsp;e-mail et site dans des cookies. C\u2019est uniquement pour votre confort afin de ne pas avoir \u00e0 saisir ces&nbsp;informations si vous d\u00e9posez un autre commentaire plus tard. Ces cookies expirent au bout d\u2019un an.&nbsp;Si vous vous rendez sur la page de connexion, un cookie temporaire sera cr\u00e9\u00e9 afin de d\u00e9terminer si votre navigateur accepte les cookies. Il ne contient pas de donn\u00e9es personnelles et sera supprim\u00e9 automatiquement \u00e0 la fermeture de votre navigateur.<\/p>\n\n\n\n<p>Lorsque vous vous connecterez, nous mettrons en place un certain nombre de cookies pour&nbsp;enregistrer vos informations de connexion et vos pr\u00e9f\u00e9rences d\u2019\u00e9cran. La dur\u00e9e de vie d\u2019un cookie de connexion est de deux jours, celle d\u2019un cookie d\u2019option d\u2019\u00e9cran est d\u2019un an. Si vous cochez \u00ab&nbsp;Se souvenir de moi \u00bb, votre cookie de connexion sera conserv\u00e9 pendant deux semaines. Si vous vous d\u00e9connectez de votre compte, le cookie de connexion sera effac\u00e9.<\/p>\n\n\n\n<p>En modifiant ou en publiant une publication, un cookie suppl\u00e9mentaire sera enregistr\u00e9 dans votre\u00a0navigateur. Ce cookie ne comprend aucune donn\u00e9e personnelle. Il indique simplement l\u2019ID de la publication que vous venez de modifier. Il expire au bout d\u2019un jour.<\/p>\n\n\n\n<p><\/p>\n\n\n\n<p><strong>CONTENU EMBARQU\u00c9 DEPUIS D&rsquo;AUTRES SITES<\/strong><\/p>\n\n\n\n<p>Les articles de ce site peuvent inclure des contenus int\u00e9gr\u00e9s (par exemple des vid\u00e9os, images,&nbsp;articles&#8230;). Le contenu int\u00e9gr\u00e9 depuis d&rsquo;autres sites se comporte de la m\u00eame mani\u00e8re que si le visiteur&nbsp;se rendait sur cet autre site.<\/p>\n\n\n\n<p>Ces sites web pourraient collecter des donn\u00e9es sur vous, utiliser des cookies, embarquer des outils de suivis tiers, suivre vos interactions avec ces contenus embarqu\u00e9s si vous disposez d&rsquo;un compte connect\u00e9 sur leur site web.<\/p>\n\n\n\n<p><\/p>\n\n\n\n<p><strong>UTILISATION ET TRANSMISSION DE VOS DONN\u00c9ES PERSONNELLES<\/strong><\/p>\n\n\n\n<p>Si vous\u00a0demandez une r\u00e9initialisation de votre mot de passe, votre adresse IP sera incluse dans l\u2019e-mail de r\u00e9initialisation.<\/p>\n\n\n\n<p><\/p>\n\n\n\n<p><strong>DUR\u00c9ES DE STOCKAGE DE VOS DONN\u00c9ES<\/strong><\/p>\n\n\n\n<p>If you leave a comment, the comment and its metadata are retained indefinitely. This automatically recognizes and approves subsequent comments instead of leaving them in the moderation queue.<\/p>\n\n\n\n<p>Pour les comptes qui s&rsquo;inscrivent sur notre site (le cas \u00e9ch\u00e9ant), nous stockons \u00e9galement les donn\u00e9es personnelles indiqu\u00e9es dans leur profil. Tous les comptes peuvent voir, modifier ou supprimer leurs informations personnelles \u00e0 tout moment (\u00e0 l&rsquo;exception de leur identifiant). Les gestionnaires du site peuvent aussi voir et modifier ces informations.<\/p>\n\n\n\n<p><\/p>\n\n\n\n<p><strong>LES DROITS QUE VOUS AVEZ SUR VOS DONN\u00c9ES<\/strong><\/p>\n\n\n\n<p>If you have an account or if you have left comments on the site, you can request to receive a file containing all the personal data that we have about you, including those that you have provided to us. You can also request the deletion of personal data concerning you. This does not take into account data stored for administrative, legal or security reasons.<\/p>\n\n\n\n<p><\/p>\n\n\n\n<p><strong>TRANSMISSION DE VOS DONN\u00c9ES PERSONNELLES<\/strong><\/p>\n\n\n\n<p>Les commentaires des visiteurs peuvent \u00eatre v\u00e9rifi\u00e9s \u00e0 l&rsquo;aide d&rsquo;un service automatis\u00e9 de d\u00e9tection des commentaires ind\u00e9sirables.<\/p>","protected":false},"excerpt":{"rendered":"<p>QUI SOMMES-NOUS ? Nom de l\u2019entit\u00e9\u00a0: Ch\u00e2teau Saint-Georges Forme juridique : SCEAN\u00b0 RCS Libourne : 314 492 695Montant du capital social : 15\u00a0244,90 \u20ac\u00a0 Nom du g\u00e9rant : JANOUEIX Jean-Philippe Adresse postale : Ch\u00e2teau Saint-Georges 5 route de Saint-Emilion33570 MONTAGNET\u00e9l : 05 57 74 79 70Adresse mail :\u00a0contact@chateau-saint-georges.com\u00a0 Site web :\u00a0https:\/\/chateau-saint-georges.com PRESTATAIRE HEBERGEUR OVH-Cloud SAS<\/p>\n<p class=\"more-link-wrapper\"><a class=\"btn btn-primary\" href=\"https:\/\/chateau-saint-georges.com\/shop\/en\/politique-de-confidentialite\/\" data-no-translation=\"\" data-trp-gettext=\"\">Read More<\/a><\/p>","protected":false},"author":1,"featured_media":0,"parent":0,"menu_order":0,"comment_status":"closed","ping_status":"open","template":"","meta":{"_expiration-date-status":"","_expiration-date":0,"_expiration-date-type":"","_expiration-date-categories":[],"_expiration-date-options":[]},"_links":{"self":[{"href":"https:\/\/chateau-saint-georges.com\/shop\/en\/wp-json\/wp\/v2\/pages\/3"}],"collection":[{"href":"https:\/\/chateau-saint-georges.com\/shop\/en\/wp-json\/wp\/v2\/pages"}],"about":[{"href":"https:\/\/chateau-saint-georges.com\/shop\/en\/wp-json\/wp\/v2\/types\/page"}],"author":[{"embeddable":true,"href":"https:\/\/chateau-saint-georges.com\/shop\/en\/wp-json\/wp\/v2\/users\/1"}],"replies":[{"embeddable":true,"href":"https:\/\/chateau-saint-georges.com\/shop\/en\/wp-json\/wp\/v2\/comments?post=3"}],"version-history":[{"count":5,"href":"https:\/\/chateau-saint-georges.com\/shop\/en\/wp-json\/wp\/v2\/pages\/3\/revisions"}],"predecessor-version":[{"id":1251,"href":"https:\/\/chateau-saint-georges.com\/shop\/en\/wp-json\/wp\/v2\/pages\/3\/revisions\/1251"}],"wp:attachment":[{"href":"https:\/\/chateau-saint-georges.com\/shop\/en\/wp-json\/wp\/v2\/media?parent=3"}],"curies":[{"name":"wp","href":"https:\/\/api.w.org\/{rel}","templated":true}]}}